{"id":293,"date":"2023-12-14T12:52:06","date_gmt":"2023-12-14T12:52:06","guid":{"rendered":"https:\/\/alma-fashion.com\/?page_id=293"},"modified":"2025-04-03T06:49:22","modified_gmt":"2025-04-03T06:49:22","slug":"packing-materials-and-bags","status":"publish","type":"page","link":"https:\/\/alma-fashion.com\/de\/packing-materials-and-bags\/","title":{"rendered":"Verpackungsmaterialien und Taschen"},"content":{"rendered":"<section class=\"section dark\" id=\"section_385278471\">\n\t\t<div class=\"bg section-bg fill bg-fill  bg-loaded\" >\n\n\t\t\t\n\t\t\t\n\t\t\t\n\n\t\t<\/div>\n\n\t\t\n\n\t\t<div class=\"section-content relative\">\n\t\t\t\n\n<div class=\"row\"  id=\"row-1797452586\">\n\n\n\t<div id=\"col-1504188969\" class=\"col small-12 large-12\"  >\n\t\t\t\t<div class=\"col-inner text-center\"  >\n\t\t\t\n\t\t\t\n\n<h1 class=\"uppercase alt-font\" style=\"text-align: center;\">Verpackungsmaterialien und Taschen<\/h1>\n\n\t\t<\/div>\n\t\t\t\t\n<style>\n#col-1504188969 > .col-inner {\n  padding: 10px 10px 10px 10px;\n}\n<\/style>\n\t<\/div>\n\n\t\n\n\t<div id=\"col-1258425596\" class=\"col small-12 large-12\"  >\n\t\t\t\t<div class=\"col-inner box-shadow-1\"  >\n\t\t\t\n\t\t\t\n\n<p>Verwandeln Sie Ihre Produkte mit unseren professionellen Verpackungsl\u00f6sungen, die Ihre Marke hervorheben. Durch die kontinuierliche Erweiterung unserer Produktpalette bieten wir hochwertige Verpackungsl\u00f6sungen, die durch fortschrittliche Technologie unterst\u00fctzt werden. Ganz gleich, ob Sie sich f\u00fcr Sonderanfertigungen oder Standardartikel entscheiden: Wir kombinieren hochwertige Materialien mit hochwertiger Verarbeitung und sorgen daf\u00fcr, dass Ihre Verpackung ihr volles Potenzial entfaltet. Unser vielf\u00e4ltiges Taschensortiment deckt unterschiedliche Einsatzzwecke ab und bietet Optionen f\u00fcr jedes Budget. Wir legen Wert auf Nachhaltigkeit und f\u00fchren stolz Taschen aus biologisch abbaubaren Materialien wie Papier und Baumwolle. Entdecken Sie unsere kundenspezifischen Druckdienste, die hauseigene Fertigung mit hochwertigen Materialien, niedrige Mindestbestellmengen und eine schnelle Abwicklung. Vertrauen Sie uns f\u00fcr nationale und internationale Lieferungen. Kontaktieren Sie uns, um zu besprechen, wie wir Ihre individuellen Verpackungsanforderungen erf\u00fcllen k\u00f6nnen.<\/p>\n<p>Laden Sie unsere herunter <a href=\"\/wp-content\/uploads\/2023\/12\/Alma-1.pdf\">VERPACKUNGSMATERIALIEN UND TASCHEN<\/a><\/p>\n\n\t\t<\/div>\n\t\t\t\t\n<style>\n#col-1258425596 > .col-inner {\n  padding: 10px 10px 10px 10px;\n}\n<\/style>\n\t<\/div>\n\n\t\n\n\t<div id=\"col-1802166310\" class=\"col medium-3 small-12 large-3\"  >\n\t\t\t\t<div class=\"col-inner box-shadow-1\"  >\n\t\t\t\n\t\t\t\n\n\t<div class=\"img has-hover x md-x lg-x y md-y lg-y\" id=\"image_504730677\">\n\t\t<a class=\"\" href=\"\/wp-content\/uploads\/2023\/12\/Alma-1.pdf\"  >\t\t\t\t\t\t<div class=\"img-inner image-overlay-add box-shadow-1 box-shadow-2-hover dark\" >\n\t\t\t<img loading=\"lazy\" decoding=\"async\" width=\"724\" height=\"1024\" src=\"https:\/\/alma-fashion.com\/wp-content\/uploads\/2024\/11\/Katalozi-Alma-naslovni-strani_4-scaled-2-724x1024.jpg\" class=\"attachment-large size-large\" alt=\"\" srcset=\"https:\/\/alma-fashion.com\/wp-content\/uploads\/2024\/11\/Katalozi-Alma-naslovni-strani_4-scaled-2-724x1024.jpg 724w, https:\/\/alma-fashion.com\/wp-content\/uploads\/2024\/11\/Katalozi-Alma-naslovni-strani_4-scaled-2-212x300.jpg 212w, https:\/\/alma-fashion.com\/wp-content\/uploads\/2024\/11\/Katalozi-Alma-naslovni-strani_4-scaled-2-768x1086.jpg 768w, https:\/\/alma-fashion.com\/wp-content\/uploads\/2024\/11\/Katalozi-Alma-naslovni-strani_4-scaled-2-1086x1536.jpg 1086w, https:\/\/alma-fashion.com\/wp-content\/uploads\/2024\/11\/Katalozi-Alma-naslovni-strani_4-scaled-2-1448x2048.jpg 1448w, https:\/\/alma-fashion.com\/wp-content\/uploads\/2024\/11\/Katalozi-Alma-naslovni-strani_4-scaled-2.jpg 1810w\" sizes=\"auto, (max-width: 724px) 100vw, 724px\" \/>\t\t\t\t\t\t\t<div class=\"overlay\" style=\"background-color: rgba(0, 0, 0, 0.16)\"><\/div>\n\t\t\t\t\t\t\n\t\t\t\t\t<\/div>\n\t\t\t\t\t\t<\/a>\t\t\n<style>\n#image_504730677 {\n  width: 100%;\n}\n<\/style>\n\t<\/div>\n\t\n\n\n\t\t<\/div>\n\t\t\t\t\t<\/div>\n\n\t\n\n<\/div>\n\n\t\t<\/div>\n\n\t\t\n<style>\n#section_385278471 {\n  padding-top: 30px;\n  padding-bottom: 30px;\n  background-color: rgb(0,0,0);\n}\n#section_385278471 .ux-shape-divider--top svg {\n  height: 150px;\n  --divider-top-width: 100%;\n}\n#section_385278471 .ux-shape-divider--bottom svg {\n  height: 150px;\n  --divider-width: 100%;\n}\n<\/style>\n\t<\/section>","protected":false},"excerpt":{"rendered":"","protected":false},"author":1,"featured_media":0,"parent":0,"menu_order":0,"comment_status":"closed","ping_status":"closed","template":"page-blank.php","meta":{"footnotes":""},"class_list":["post-293","page","type-page","status-publish","hentry"],"yoast_head":"<!-- This site is optimized with the Yoast SEO plugin v27.2 - https:\/\/yoast.com\/product\/yoast-seo-wordpress\/ -->\n<title>Packing materials and bags - ALMA FASHION<\/title>\n<meta name=\"robots\" content=\"index, follow, max-snippet:-1, max-image-preview:large, max-video-preview:-1\" \/>\n<link rel=\"canonical\" href=\"https:\/\/alma-fashion.com\/de\/packing-materials-and-bags\/\" \/>\n<meta property=\"og:locale\" content=\"de_DE\" \/>\n<meta property=\"og:type\" content=\"article\" \/>\n<meta property=\"og:title\" content=\"Packing materials and bags - ALMA FASHION\" \/>\n<meta property=\"og:url\" content=\"https:\/\/alma-fashion.com\/de\/packing-materials-and-bags\/\" \/>\n<meta property=\"og:site_name\" content=\"ALMA FASHION\" \/>\n<meta property=\"article:modified_time\" content=\"2025-04-03T06:49:22+00:00\" \/>\n<meta property=\"og:image\" content=\"https:\/\/alma-fashion.com\/wp-content\/uploads\/2025\/04\/alma-fashion.jpg\" \/>\n\t<meta property=\"og:image:width\" content=\"1280\" \/>\n\t<meta property=\"og:image:height\" content=\"720\" \/>\n\t<meta property=\"og:image:type\" content=\"image\/jpeg\" \/>\n<meta name=\"twitter:card\" content=\"summary_large_image\" \/>\n<meta name=\"twitter:label1\" content=\"Gesch\u00e4tzte Lesezeit\" \/>\n\t<meta name=\"twitter:data1\" content=\"1\u00a0Minute\" \/>\n<script type=\"application\/ld+json\" class=\"yoast-schema-graph\">{\"@context\":\"https:\/\/schema.org\",\"@graph\":[{\"@type\":\"WebPage\",\"@id\":\"https:\/\/alma-fashion.com\/packing-materials-and-bags\/\",\"url\":\"https:\/\/alma-fashion.com\/packing-materials-and-bags\/\",\"name\":\"Packing materials and bags - ALMA FASHION\",\"isPartOf\":{\"@id\":\"https:\/\/alma-fashion.com\/#website\"},\"datePublished\":\"2023-12-14T12:52:06+00:00\",\"dateModified\":\"2025-04-03T06:49:22+00:00\",\"breadcrumb\":{\"@id\":\"https:\/\/alma-fashion.com\/packing-materials-and-bags\/#breadcrumb\"},\"inLanguage\":\"de\",\"potentialAction\":[{\"@type\":\"ReadAction\",\"target\":[\"https:\/\/alma-fashion.com\/packing-materials-and-bags\/\"]}]},{\"@type\":\"BreadcrumbList\",\"@id\":\"https:\/\/alma-fashion.com\/packing-materials-and-bags\/#breadcrumb\",\"itemListElement\":[{\"@type\":\"ListItem\",\"position\":1,\"name\":\"Home\",\"item\":\"https:\/\/alma-fashion.com\/\"},{\"@type\":\"ListItem\",\"position\":2,\"name\":\"Packing materials and bags\"}]},{\"@type\":\"WebSite\",\"@id\":\"https:\/\/alma-fashion.com\/#website\",\"url\":\"https:\/\/alma-fashion.com\/\",\"name\":\"ALMA FASHION\",\"description\":\"\",\"potentialAction\":[{\"@type\":\"SearchAction\",\"target\":{\"@type\":\"EntryPoint\",\"urlTemplate\":\"https:\/\/alma-fashion.com\/?s={search_term_string}\"},\"query-input\":{\"@type\":\"PropertyValueSpecification\",\"valueRequired\":true,\"valueName\":\"search_term_string\"}}],\"inLanguage\":\"de\"}]}<\/script>\n<!-- \/ Yoast SEO plugin. -->","yoast_head_json":{"title":"Packing materials and bags - ALMA FASHION","robots":{"index":"index","follow":"follow","max-snippet":"max-snippet:-1","max-image-preview":"max-image-preview:large","max-video-preview":"max-video-preview:-1"},"canonical":"https:\/\/alma-fashion.com\/de\/packing-materials-and-bags\/","og_locale":"de_DE","og_type":"article","og_title":"Packing materials and bags - ALMA FASHION","og_url":"https:\/\/alma-fashion.com\/de\/packing-materials-and-bags\/","og_site_name":"ALMA FASHION","article_modified_time":"2025-04-03T06:49:22+00:00","og_image":[{"width":1280,"height":720,"url":"https:\/\/alma-fashion.com\/wp-content\/uploads\/2025\/04\/alma-fashion.jpg","type":"image\/jpeg"}],"twitter_card":"summary_large_image","twitter_misc":{"Gesch\u00e4tzte Lesezeit":"1\u00a0Minute"},"schema":{"@context":"https:\/\/schema.org","@graph":[{"@type":"WebPage","@id":"https:\/\/alma-fashion.com\/packing-materials-and-bags\/","url":"https:\/\/alma-fashion.com\/packing-materials-and-bags\/","name":"Packing materials and bags - ALMA FASHION","isPartOf":{"@id":"https:\/\/alma-fashion.com\/#website"},"datePublished":"2023-12-14T12:52:06+00:00","dateModified":"2025-04-03T06:49:22+00:00","breadcrumb":{"@id":"https:\/\/alma-fashion.com\/packing-materials-and-bags\/#breadcrumb"},"inLanguage":"de","potentialAction":[{"@type":"ReadAction","target":["https:\/\/alma-fashion.com\/packing-materials-and-bags\/"]}]},{"@type":"BreadcrumbList","@id":"https:\/\/alma-fashion.com\/packing-materials-and-bags\/#breadcrumb","itemListElement":[{"@type":"ListItem","position":1,"name":"Home","item":"https:\/\/alma-fashion.com\/"},{"@type":"ListItem","position":2,"name":"Packing materials and bags"}]},{"@type":"WebSite","@id":"https:\/\/alma-fashion.com\/#website","url":"https:\/\/alma-fashion.com\/","name":"ALMA FASHION","description":"","potentialAction":[{"@type":"SearchAction","target":{"@type":"EntryPoint","urlTemplate":"https:\/\/alma-fashion.com\/?s={search_term_string}"},"query-input":{"@type":"PropertyValueSpecification","valueRequired":true,"valueName":"search_term_string"}}],"inLanguage":"de"}]}},"_links":{"self":[{"href":"https:\/\/alma-fashion.com\/de\/wp-json\/wp\/v2\/pages\/293","targetHints":{"allow":["GET"]}}],"collection":[{"href":"https:\/\/alma-fashion.com\/de\/wp-json\/wp\/v2\/pages"}],"about":[{"href":"https:\/\/alma-fashion.com\/de\/wp-json\/wp\/v2\/types\/page"}],"author":[{"embeddable":true,"href":"https:\/\/alma-fashion.com\/de\/wp-json\/wp\/v2\/users\/1"}],"replies":[{"embeddable":true,"href":"https:\/\/alma-fashion.com\/de\/wp-json\/wp\/v2\/comments?post=293"}],"version-history":[{"count":6,"href":"https:\/\/alma-fashion.com\/de\/wp-json\/wp\/v2\/pages\/293\/revisions"}],"predecessor-version":[{"id":1220,"href":"https:\/\/alma-fashion.com\/de\/wp-json\/wp\/v2\/pages\/293\/revisions\/1220"}],"wp:attachment":[{"href":"https:\/\/alma-fashion.com\/de\/wp-json\/wp\/v2\/media?parent=293"}],"curies":[{"name":"wp","href":"https:\/\/api.w.org\/{rel}","templated":true}]}}