{"id":52,"date":"2021-12-02T10:28:08","date_gmt":"2021-12-02T10:28:08","guid":{"rendered":"https:\/\/new.alma-fashion.com\/?page_id=52"},"modified":"2025-07-15T12:38:27","modified_gmt":"2025-07-15T12:38:27","slug":"buttons-accesorries","status":"publish","type":"page","link":"https:\/\/alma-fashion.com\/de\/buttons-accesorries\/","title":{"rendered":"BUTTONS &#038; ACCESORRIES"},"content":{"rendered":"<section class=\"section\" id=\"section_162131961\">\n\t\t<div class=\"bg section-bg fill bg-fill  bg-loaded\" >\n\n\t\t\t\n\t\t\t\n\t\t\t\n\n\t\t<\/div>\n\n\t\t\n\n\t\t<div class=\"section-content relative\">\n\t\t\t\n\n<div class=\"row\"  id=\"row-753859937\">\n\n\n\t<div id=\"col-66160662\" class=\"col small-12 large-12 small-col-first\"  >\n\t\t\t\t<div class=\"col-inner\"  >\n\t\t\t\n\t\t\t\n\n\t<div id=\"text-2547873883\" class=\"text\">\n\t\t\n\n<h1 class=\"col_full alt-font\" style=\"text-align: center;\">KN\u00d6PFE &amp; ZUBEH\u00d6R<\/h1>\n\t\t\n<style>\n#text-2547873883 {\n  color: rgb(255, 255, 255);\n}\n#text-2547873883 > * {\n  color: rgb(255, 255, 255);\n}\n<\/style>\n\t<\/div>\n\t\n\n\t\t<\/div>\n\t\t\t\t\t<\/div>\n\n\t\n\n\t<div id=\"col-921136378\" class=\"col small-12 large-12 small-col-first\"  >\n\t\t\t\t<div class=\"col-inner box-shadow-1\"  >\n\t\t\t\n\t\t\t\n\n\t<div id=\"text-1159862091\" class=\"text\">\n\t\t\n\n<p class=\"col_full\" style=\"text-align: left;\"><span style=\"font-size: 14.4px; color: #ffffff;\">Mit unserer Investition in Produktionsst\u00e4tten in der T\u00fcrkei sind wir einer der gr\u00f6\u00dften Knopfverk\u00e4ufer in der Region.<\/span><\/p>\n<p class=\"col_full translation-block\" style=\"text-align: left;\">Unsere St\u00e4rke liegt in Polyesterkn\u00f6pfen, wo wir in der Lage sind, hochwertige Kn\u00f6pfe herzustellen, um Ihnen den besten Preis pro Knopf zu bieten. Unsere Polyesterkn\u00f6pfe sind PFD (vorbereitet zum F\u00e4rben) und wir bieten die M\u00f6glichkeit, Ihre Kn\u00f6pfe mit Laser zu gravieren.<\/p>\n<div class=\"nobottommargin clearfix\">\n<div class=\"col_full\">\n<p style=\"text-align: left;\"><span style=\"color: #ffffff;\">Zus\u00e4tzlich bieten wir Steinnuss-, Echtperlen-, Horn-, Kokosnuss-, Holz- und viele andere Arten von Kn\u00f6pfen an. Wir halten einen gro\u00dfen Vorrat in Mazedonien zum sofortigen F\u00e4rben und Versand bereit.\u00a0<\/span><\/p>\n<p style=\"text-align: left;\"><span style=\"color: #ffffff;\">Unsere Kn\u00f6pfe sind OEKO-TEX\u00ae und unser F\u00e4rbeprozess erfolgt mit Farben auf Wasserbasis ohne schwere Chemikalien, die die Umwelt belasten.<\/span><\/p>\n<p style=\"text-align: left;\" class=\"translation-block\"><a href=\"\/wp-content\/uploads\/2020\/10\/Catalog-Alma-Buttons.pdf\" target=\"_blank\" rel=\"noopener noreferrer\">Unseren KNOPFKATALOG herunterladen<\/a><\/p>\n<p class=\"translation-block\"><a href=\"\/wp-content\/uploads\/2020\/11\/Buttoncatalogue.pdf\" target=\"_self\">Unseren COLECTION KATALOG VON KN\u00d6PFEN herunterladen<\/a><\/p>\n<p style=\"text-align: left;\" class=\"translation-block\"><a href=\"\/wp-content\/uploads\/2020\/10\/Catalog-Alma-Metal-Accessories-1.pdf\" target=\"_blank\" rel=\"noopener noreferrer\">Unseren KATALOG MIT METALLZUBEH\u00d6R herunterladen<\/a><\/p>\n<\/div>\n<\/div>\n\t\t\n<style>\n#text-1159862091 {\n  color: rgb(255, 255, 255);\n}\n#text-1159862091 > * {\n  color: rgb(255, 255, 255);\n}\n<\/style>\n\t<\/div>\n\t\n\n\t\t<\/div>\n\t\t\t\t\n<style>\n#col-921136378 > .col-inner {\n  padding: 15px 15px 15px 15px;\n  border-radius: 3px;\n}\n<\/style>\n\t<\/div>\n\n\t\n\n\t<div id=\"col-10629205\" class=\"col medium-3 small-12 large-3\"  >\n\t\t\t\t<div class=\"col-inner text-center\"  >\n\t\t\t\n\t\t\t\n\n\t<div class=\"img has-hover x md-x lg-x y md-y lg-y\" id=\"image_305094517\">\n\t\t<a class=\"\" href=\"\/wp-content\/uploads\/2020\/10\/Catalog-Alma-Buttons.pdf\" target=\"_blank\" rel=\"noopener noreferrer\" >\t\t\t\t\t\t<div class=\"img-inner image-overlay-add box-shadow-1 box-shadow-2-hover dark\" >\n\t\t\t<img loading=\"lazy\" decoding=\"async\" width=\"565\" height=\"800\" src=\"https:\/\/alma-fashion.com\/wp-content\/uploads\/2021\/12\/Catalog-Alma-Buttons-565x800-1.png\" class=\"attachment-large size-large\" alt=\"\" srcset=\"https:\/\/alma-fashion.com\/wp-content\/uploads\/2021\/12\/Catalog-Alma-Buttons-565x800-1.png 565w, https:\/\/alma-fashion.com\/wp-content\/uploads\/2021\/12\/Catalog-Alma-Buttons-565x800-1-212x300.png 212w\" sizes=\"auto, (max-width: 565px) 100vw, 565px\" \/>\t\t\t\t\t\t\t<div class=\"overlay\" style=\"background-color: rgba(155, 149, 149, 0.15)\"><\/div>\n\t\t\t\t\t\t\n\t\t\t\t\t<\/div>\n\t\t\t\t\t\t<\/a>\t\t\n<style>\n#image_305094517 {\n  width: 100%;\n}\n<\/style>\n\t<\/div>\n\t\n\n\n\t\t<\/div>\n\t\t\t\t\t<\/div>\n\n\t\n\n\t<div id=\"col-1208244771\" class=\"col medium-3 small-12 large-3\"  >\n\t\t\t\t<div class=\"col-inner text-center\"  >\n\t\t\t\n\t\t\t\n\n\t<div class=\"img has-hover x md-x lg-x y md-y lg-y\" id=\"image_77257292\">\n\t\t<a class=\"\" href=\"\/wp-content\/uploads\/2020\/11\/Button%20catalogue.pdf\" target=\"_blank\" rel=\"noopener noreferrer\" >\t\t\t\t\t\t<div class=\"img-inner image-overlay-add box-shadow-1 box-shadow-2-hover dark\" >\n\t\t\t<img loading=\"lazy\" decoding=\"async\" width=\"533\" height=\"800\" src=\"https:\/\/alma-fashion.com\/wp-content\/uploads\/2021\/12\/Button-catalogue_001-533x800-1.png\" class=\"attachment-large size-large\" alt=\"\" srcset=\"https:\/\/alma-fashion.com\/wp-content\/uploads\/2021\/12\/Button-catalogue_001-533x800-1.png 533w, https:\/\/alma-fashion.com\/wp-content\/uploads\/2021\/12\/Button-catalogue_001-533x800-1-200x300.png 200w\" sizes=\"auto, (max-width: 533px) 100vw, 533px\" \/>\t\t\t\t\t\t\t<div class=\"overlay\" style=\"background-color: rgba(155, 149, 149, 0.15)\"><\/div>\n\t\t\t\t\t\t\n\t\t\t\t\t<\/div>\n\t\t\t\t\t\t<\/a>\t\t\n<style>\n#image_77257292 {\n  width: 95%;\n}\n<\/style>\n\t<\/div>\n\t\n\n\n\t\t<\/div>\n\t\t\t\t\t<\/div>\n\n\t\n\n\t<div id=\"col-779242798\" class=\"col medium-3 small-12 large-3\"  >\n\t\t\t\t<div class=\"col-inner\"  >\n\t\t\t\n\t\t\t\n\n\t<div class=\"img has-hover x md-x lg-x y md-y lg-y\" id=\"image_2069364715\">\n\t\t<a class=\"\" href=\"\/wp-content\/uploads\/2020\/10\/Catalog-Alma-Metal-Accessories-1.pdf\" target=\"_blank\" rel=\"noopener noreferrer\" >\t\t\t\t\t\t<div class=\"img-inner image-overlay-add box-shadow-1 box-shadow-2-hover dark\" >\n\t\t\t<img loading=\"lazy\" decoding=\"async\" width=\"565\" height=\"800\" src=\"https:\/\/alma-fashion.com\/wp-content\/uploads\/2021\/12\/Catalog-Alma-Metal-Accessories-565x800-1.png\" class=\"attachment-large size-large\" alt=\"\" srcset=\"https:\/\/alma-fashion.com\/wp-content\/uploads\/2021\/12\/Catalog-Alma-Metal-Accessories-565x800-1.png 565w, https:\/\/alma-fashion.com\/wp-content\/uploads\/2021\/12\/Catalog-Alma-Metal-Accessories-565x800-1-212x300.png 212w\" sizes=\"auto, (max-width: 565px) 100vw, 565px\" \/>\t\t\t\t\t\t\t<div class=\"overlay\" style=\"background-color: rgba(155, 149, 149, 0.15)\"><\/div>\n\t\t\t\t\t\t\n\t\t\t\t\t<\/div>\n\t\t\t\t\t\t<\/a>\t\t\n<style>\n#image_2069364715 {\n  width: 100%;\n}\n<\/style>\n\t<\/div>\n\t\n\n\n\t\t<\/div>\n\t\t\t\t\t<\/div>\n\n\t\n\n<\/div>\n\n\t\t<\/div>\n\n\t\t\n<style>\n#section_162131961 {\n  padding-top: 30px;\n  padding-bottom: 30px;\n  background-color: rgb(0,0,0);\n}\n#section_162131961 .ux-shape-divider--top svg {\n  height: 150px;\n  --divider-top-width: 100%;\n}\n#section_162131961 .ux-shape-divider--bottom svg {\n  height: 150px;\n  --divider-width: 100%;\n}\n<\/style>\n\t<\/section>","protected":false},"excerpt":{"rendered":"","protected":false},"author":1,"featured_media":0,"parent":0,"menu_order":0,"comment_status":"closed","ping_status":"closed","template":"page-blank.php","meta":{"footnotes":""},"class_list":["post-52","page","type-page","status-publish","hentry"],"yoast_head":"<!-- This site is optimized with the Yoast SEO plugin v27.2 - https:\/\/yoast.com\/product\/yoast-seo-wordpress\/ -->\n<title>BUTTONS &amp; ACCESORRIES - ALMA FASHION<\/title>\n<meta name=\"description\" content=\"Discover premium buttons and accessories at ALMA FASHION \u2013 offering stylish, functional, and customizable trimmings to elevate your apparel collections.\" \/>\n<meta name=\"robots\" content=\"index, follow, max-snippet:-1, max-image-preview:large, max-video-preview:-1\" \/>\n<link rel=\"canonical\" href=\"https:\/\/alma-fashion.com\/de\/buttons-accesorries\/\" \/>\n<meta property=\"og:locale\" content=\"de_DE\" \/>\n<meta property=\"og:type\" content=\"article\" \/>\n<meta property=\"og:title\" content=\"BUTTONS &amp; ACCESORRIES - ALMA FASHION\" \/>\n<meta property=\"og:description\" content=\"Discover premium buttons and accessories at ALMA FASHION \u2013 offering stylish, functional, and customizable trimmings to elevate your apparel collections.\" \/>\n<meta property=\"og:url\" content=\"https:\/\/alma-fashion.com\/de\/buttons-accesorries\/\" \/>\n<meta property=\"og:site_name\" content=\"ALMA FASHION\" \/>\n<meta property=\"article:modified_time\" content=\"2025-07-15T12:38:27+00:00\" \/>\n<meta property=\"og:image\" content=\"https:\/\/alma-fashion.com\/wp-content\/uploads\/2025\/04\/alma-fashion.jpg\" \/>\n\t<meta property=\"og:image:width\" content=\"1280\" \/>\n\t<meta property=\"og:image:height\" content=\"720\" \/>\n\t<meta property=\"og:image:type\" content=\"image\/jpeg\" \/>\n<meta name=\"twitter:card\" content=\"summary_large_image\" \/>\n<meta name=\"twitter:label1\" content=\"Gesch\u00e4tzte Lesezeit\" \/>\n\t<meta name=\"twitter:data1\" content=\"1\u00a0Minute\" \/>\n<script type=\"application\/ld+json\" class=\"yoast-schema-graph\">{\"@context\":\"https:\/\/schema.org\",\"@graph\":[{\"@type\":\"WebPage\",\"@id\":\"https:\/\/alma-fashion.com\/buttons-accesorries\/\",\"url\":\"https:\/\/alma-fashion.com\/buttons-accesorries\/\",\"name\":\"BUTTONS & ACCESORRIES - ALMA FASHION\",\"isPartOf\":{\"@id\":\"https:\/\/alma-fashion.com\/#website\"},\"datePublished\":\"2021-12-02T10:28:08+00:00\",\"dateModified\":\"2025-07-15T12:38:27+00:00\",\"description\":\"Discover premium buttons and accessories at ALMA FASHION \u2013 offering stylish, functional, and customizable trimmings to elevate your apparel collections.\",\"breadcrumb\":{\"@id\":\"https:\/\/alma-fashion.com\/buttons-accesorries\/#breadcrumb\"},\"inLanguage\":\"de\",\"potentialAction\":[{\"@type\":\"ReadAction\",\"target\":[\"https:\/\/alma-fashion.com\/buttons-accesorries\/\"]}]},{\"@type\":\"BreadcrumbList\",\"@id\":\"https:\/\/alma-fashion.com\/buttons-accesorries\/#breadcrumb\",\"itemListElement\":[{\"@type\":\"ListItem\",\"position\":1,\"name\":\"Home\",\"item\":\"https:\/\/alma-fashion.com\/\"},{\"@type\":\"ListItem\",\"position\":2,\"name\":\"BUTTONS &#038; ACCESORRIES\"}]},{\"@type\":\"WebSite\",\"@id\":\"https:\/\/alma-fashion.com\/#website\",\"url\":\"https:\/\/alma-fashion.com\/\",\"name\":\"ALMA FASHION\",\"description\":\"\",\"potentialAction\":[{\"@type\":\"SearchAction\",\"target\":{\"@type\":\"EntryPoint\",\"urlTemplate\":\"https:\/\/alma-fashion.com\/?s={search_term_string}\"},\"query-input\":{\"@type\":\"PropertyValueSpecification\",\"valueRequired\":true,\"valueName\":\"search_term_string\"}}],\"inLanguage\":\"de\"}]}<\/script>\n<!-- \/ Yoast SEO plugin. -->","yoast_head_json":{"title":"BUTTONS & ACCESORRIES - ALMA FASHION","description":"Discover premium buttons and accessories at ALMA FASHION \u2013 offering stylish, functional, and customizable trimmings to elevate your apparel collections.","robots":{"index":"index","follow":"follow","max-snippet":"max-snippet:-1","max-image-preview":"max-image-preview:large","max-video-preview":"max-video-preview:-1"},"canonical":"https:\/\/alma-fashion.com\/de\/buttons-accesorries\/","og_locale":"de_DE","og_type":"article","og_title":"BUTTONS & ACCESORRIES - ALMA FASHION","og_description":"Discover premium buttons and accessories at ALMA FASHION \u2013 offering stylish, functional, and customizable trimmings to elevate your apparel collections.","og_url":"https:\/\/alma-fashion.com\/de\/buttons-accesorries\/","og_site_name":"ALMA FASHION","article_modified_time":"2025-07-15T12:38:27+00:00","og_image":[{"width":1280,"height":720,"url":"https:\/\/alma-fashion.com\/wp-content\/uploads\/2025\/04\/alma-fashion.jpg","type":"image\/jpeg"}],"twitter_card":"summary_large_image","twitter_misc":{"Gesch\u00e4tzte Lesezeit":"1\u00a0Minute"},"schema":{"@context":"https:\/\/schema.org","@graph":[{"@type":"WebPage","@id":"https:\/\/alma-fashion.com\/buttons-accesorries\/","url":"https:\/\/alma-fashion.com\/buttons-accesorries\/","name":"BUTTONS & ACCESORRIES - ALMA FASHION","isPartOf":{"@id":"https:\/\/alma-fashion.com\/#website"},"datePublished":"2021-12-02T10:28:08+00:00","dateModified":"2025-07-15T12:38:27+00:00","description":"Discover premium buttons and accessories at ALMA FASHION \u2013 offering stylish, functional, and customizable trimmings to elevate your apparel collections.","breadcrumb":{"@id":"https:\/\/alma-fashion.com\/buttons-accesorries\/#breadcrumb"},"inLanguage":"de","potentialAction":[{"@type":"ReadAction","target":["https:\/\/alma-fashion.com\/buttons-accesorries\/"]}]},{"@type":"BreadcrumbList","@id":"https:\/\/alma-fashion.com\/buttons-accesorries\/#breadcrumb","itemListElement":[{"@type":"ListItem","position":1,"name":"Home","item":"https:\/\/alma-fashion.com\/"},{"@type":"ListItem","position":2,"name":"BUTTONS &#038; ACCESORRIES"}]},{"@type":"WebSite","@id":"https:\/\/alma-fashion.com\/#website","url":"https:\/\/alma-fashion.com\/","name":"ALMA FASHION","description":"","potentialAction":[{"@type":"SearchAction","target":{"@type":"EntryPoint","urlTemplate":"https:\/\/alma-fashion.com\/?s={search_term_string}"},"query-input":{"@type":"PropertyValueSpecification","valueRequired":true,"valueName":"search_term_string"}}],"inLanguage":"de"}]}},"_links":{"self":[{"href":"https:\/\/alma-fashion.com\/de\/wp-json\/wp\/v2\/pages\/52","targetHints":{"allow":["GET"]}}],"collection":[{"href":"https:\/\/alma-fashion.com\/de\/wp-json\/wp\/v2\/pages"}],"about":[{"href":"https:\/\/alma-fashion.com\/de\/wp-json\/wp\/v2\/types\/page"}],"author":[{"embeddable":true,"href":"https:\/\/alma-fashion.com\/de\/wp-json\/wp\/v2\/users\/1"}],"replies":[{"embeddable":true,"href":"https:\/\/alma-fashion.com\/de\/wp-json\/wp\/v2\/comments?post=52"}],"version-history":[{"count":4,"href":"https:\/\/alma-fashion.com\/de\/wp-json\/wp\/v2\/pages\/52\/revisions"}],"predecessor-version":[{"id":1283,"href":"https:\/\/alma-fashion.com\/de\/wp-json\/wp\/v2\/pages\/52\/revisions\/1283"}],"wp:attachment":[{"href":"https:\/\/alma-fashion.com\/de\/wp-json\/wp\/v2\/media?parent=52"}],"curies":[{"name":"wp","href":"https:\/\/api.w.org\/{rel}","templated":true}]}}