{"id":60,"date":"2021-12-02T10:36:26","date_gmt":"2021-12-02T10:36:26","guid":{"rendered":"https:\/\/new.alma-fashion.com\/?page_id=60"},"modified":"2025-04-03T06:49:54","modified_gmt":"2025-04-03T06:49:54","slug":"fabrics","status":"publish","type":"page","link":"https:\/\/alma-fashion.com\/de\/fabrics\/","title":{"rendered":"Stoffe"},"content":{"rendered":"<section class=\"section\" id=\"section_1571152705\">\n\t\t<div class=\"bg section-bg fill bg-fill  bg-loaded\" >\n\n\t\t\t\n\t\t\t\n\t\t\t\n\n\t\t<\/div>\n\n\t\t\n\n\t\t<div class=\"section-content relative\">\n\t\t\t\n\n\t<div id=\"text-3727885094\" class=\"text\">\n\t\t\n\n<h1 class=\"alt-font\" style=\"text-align: center;\">FABRICS<\/h1>\n\t\t\n<style>\n#text-3727885094 {\n  color: rgb(255, 255, 255);\n}\n#text-3727885094 > * {\n  color: rgb(255, 255, 255);\n}\n<\/style>\n\t<\/div>\n\t\n<div class=\"row row-box-shadow-1\"  id=\"row-345705905\">\n\n\n\t<div id=\"col-94230900\" class=\"col small-12 large-12\"  >\n\t\t\t\t<div class=\"col-inner\"  >\n\t\t\t\n\t\t\t\n\n\t<div id=\"text-2175788149\" class=\"text\">\n\t\t\n\n<p>Wir bieten eine gro\u00dfe Auswahl an Stoffen, von Damen- und Herrenmode und von klassischen Hemdenstoffen bis zu Denims, beschichteten und technischen Stoffen. Unsere langj\u00e4hrige Erfahrung und unser Textilwissen erm\u00f6glichen es uns, die richtigen Stoffe basierend auf Ihren Bed\u00fcrfnissen zu beschaffen. Je nach Bedarf k\u00f6nnen wir Stoffe aus China, der T\u00fcrkei und Italien f\u00fcr weitere Luxusprodukte beschaffen.<\/p>\n\t\t\n<style>\n#text-2175788149 {\n  color: rgb(255, 255, 255);\n}\n#text-2175788149 > * {\n  color: rgb(255, 255, 255);\n}\n<\/style>\n\t<\/div>\n\t\n\n\t\t<\/div>\n\t\t\t\t\t<\/div>\n\n\t\n\n\n<style>\n#row-345705905 > .col > .col-inner {\n  padding: 10px 10px 10px 10px;\n}\n<\/style>\n<\/div>\n\n\t\t<\/div>\n\n\t\t\n<style>\n#section_1571152705 {\n  padding-top: 30px;\n  padding-bottom: 30px;\n  background-color: rgb(0,0,0);\n}\n#section_1571152705 .ux-shape-divider--top svg {\n  height: 150px;\n  --divider-top-width: 100%;\n}\n#section_1571152705 .ux-shape-divider--bottom svg {\n  height: 150px;\n  --divider-width: 100%;\n}\n<\/style>\n\t<\/section>\n\t\n\t<section class=\"section\" id=\"section_1964862463\">\n\t\t<div class=\"bg section-bg fill bg-fill  bg-loaded\" >\n\n\t\t\t\n\t\t\t\n\t\t\t\n\n\t\t<\/div>\n\n\t\t\n\n\t\t<div class=\"section-content relative\">\n\t\t\t\n\n<div class=\"row align-center row-box-shadow-1 row-box-shadow-2-hover\"  id=\"row-1527719698\">\n\n\n\t<div id=\"col-358084269\" class=\"col medium-3 small-6 large-3\"  >\n\t\t\t\t<div class=\"col-inner\"  >\n\t\t\t\n\t\t\t\n\n\t<div class=\"img has-hover x md-x lg-x y md-y lg-y\" id=\"image_1548185186\">\n\t\t<a class=\"\" href=\"https:\/\/www.alma-fashion.com\/wp-content\/uploads\/2020\/10\/MICROCOTTON.pdf\"  >\t\t\t\t\t\t<div class=\"img-inner dark\" >\n\t\t\t<img loading=\"lazy\" decoding=\"async\" width=\"200\" height=\"283\" src=\"https:\/\/alma-fashion.com\/wp-content\/uploads\/2021\/12\/MC.png\" class=\"attachment-original size-original\" alt=\"\" \/>\t\t\t\t\t\t\n\t\t\t\t\t<\/div>\n\t\t\t\t\t\t<\/a>\t\t\n<style>\n#image_1548185186 {\n  width: 100%;\n}\n<\/style>\n\t<\/div>\n\t\n\n\n\t\t<\/div>\n\t\t\t\t\t<\/div>\n\n\t\n\n\t<div id=\"col-532951396\" class=\"col medium-3 small-6 large-3\"  >\n\t\t\t\t<div class=\"col-inner\"  >\n\t\t\t\n\t\t\t\n\n\t<div class=\"img has-hover x md-x lg-x y md-y lg-y\" id=\"image_1847692709\">\n\t\t<a class=\"\" href=\"https:\/\/alma-fashion.com\/wp-content\/uploads\/2020\/10\/POPLIN%20LYCRA%202.pdf\"  >\t\t\t\t\t\t<div class=\"img-inner dark\" >\n\t\t\t<img loading=\"lazy\" decoding=\"async\" width=\"200\" height=\"283\" src=\"https:\/\/alma-fashion.com\/wp-content\/uploads\/2021\/12\/PL-2.png\" class=\"attachment-original size-original\" alt=\"\" \/>\t\t\t\t\t\t\n\t\t\t\t\t<\/div>\n\t\t\t\t\t\t<\/a>\t\t\n<style>\n#image_1847692709 {\n  width: 100%;\n}\n<\/style>\n\t<\/div>\n\t\n\n\n\t\t<\/div>\n\t\t\t\t\t<\/div>\n\n\t\n\n\t<div id=\"col-1502134913\" class=\"col medium-3 small-6 large-3\"  >\n\t\t\t\t<div class=\"col-inner\"  >\n\t\t\t\n\t\t\t\n\n\t<div class=\"img has-hover x md-x lg-x y md-y lg-y\" id=\"image_1105173816\">\n\t\t<a class=\"\" href=\"https:\/\/www.alma-fashion.com\/wp-content\/uploads\/2020\/10\/PLATIN.pdf\"  >\t\t\t\t\t\t<div class=\"img-inner dark\" >\n\t\t\t<img loading=\"lazy\" decoding=\"async\" width=\"200\" height=\"283\" src=\"https:\/\/alma-fashion.com\/wp-content\/uploads\/2021\/12\/P.png\" class=\"attachment-original size-original\" alt=\"\" \/>\t\t\t\t\t\t\n\t\t\t\t\t<\/div>\n\t\t\t\t\t\t<\/a>\t\t\n<style>\n#image_1105173816 {\n  width: 100%;\n}\n<\/style>\n\t<\/div>\n\t\n\n\n\t\t<\/div>\n\t\t\t\t\t<\/div>\n\n\t\n\n\t<div id=\"col-1176112333\" class=\"col medium-3 small-6 large-3\"  >\n\t\t\t\t<div class=\"col-inner\"  >\n\t\t\t\n\t\t\t\n\n\t<div class=\"img has-hover x md-x lg-x y md-y lg-y\" id=\"image_1245339708\">\n\t\t<a class=\"\" href=\"https:\/\/www.alma-fashion.com\/wp-content\/uploads\/2020\/10\/OXFORD%20EKOSE-INCI%2050.pdf\"  >\t\t\t\t\t\t<div class=\"img-inner dark\" >\n\t\t\t<img loading=\"lazy\" decoding=\"async\" width=\"200\" height=\"283\" src=\"https:\/\/alma-fashion.com\/wp-content\/uploads\/2021\/12\/OE-I50.png\" class=\"attachment-original size-original\" alt=\"\" \/>\t\t\t\t\t\t\n\t\t\t\t\t<\/div>\n\t\t\t\t\t\t<\/a>\t\t\n<style>\n#image_1245339708 {\n  width: 100%;\n}\n<\/style>\n\t<\/div>\n\t\n\n\n\t\t<\/div>\n\t\t\t\t\t<\/div>\n\n\t\n\n\t<div id=\"col-1471781845\" class=\"col medium-3 small-6 large-3\"  >\n\t\t\t\t<div class=\"col-inner\"  >\n\t\t\t\n\t\t\t\n\n\t<div class=\"img has-hover x md-x lg-x y md-y lg-y\" id=\"image_161991846\">\n\t\t<a class=\"\" href=\"https:\/\/www.alma-fashion.com\/wp-content\/uploads\/2020\/10\/MILANO-WINTER.pdf\"  >\t\t\t\t\t\t<div class=\"img-inner dark\" >\n\t\t\t<img loading=\"lazy\" decoding=\"async\" width=\"200\" height=\"283\" src=\"https:\/\/alma-fashion.com\/wp-content\/uploads\/2021\/12\/M-W.png\" class=\"attachment-original size-original\" alt=\"\" \/>\t\t\t\t\t\t\n\t\t\t\t\t<\/div>\n\t\t\t\t\t\t<\/a>\t\t\n<style>\n#image_161991846 {\n  width: 100%;\n}\n<\/style>\n\t<\/div>\n\t\n\n\n\t\t<\/div>\n\t\t\t\t\t<\/div>\n\n\t\n\n\t<div id=\"col-12059764\" class=\"col medium-3 small-6 large-3\"  >\n\t\t\t\t<div class=\"col-inner\"  >\n\t\t\t\n\t\t\t\n\n\t<div class=\"img has-hover x md-x lg-x y md-y lg-y\" id=\"image_777860582\">\n\t\t<a class=\"\" href=\"https:\/\/www.alma-fashion.com\/wp-content\/uploads\/2020\/10\/SATEN%20EMPRIME-MICRO%20LYCRA.pdf\"  >\t\t\t\t\t\t<div class=\"img-inner dark\" >\n\t\t\t<img loading=\"lazy\" decoding=\"async\" width=\"200\" height=\"283\" src=\"https:\/\/alma-fashion.com\/wp-content\/uploads\/2021\/12\/SE-ML.png\" class=\"attachment-original size-original\" alt=\"\" \/>\t\t\t\t\t\t\n\t\t\t\t\t<\/div>\n\t\t\t\t\t\t<\/a>\t\t\n<style>\n#image_777860582 {\n  width: 100%;\n}\n<\/style>\n\t<\/div>\n\t\n\n\n\t\t<\/div>\n\t\t\t\t\t<\/div>\n\n\t\n\n\t<div id=\"col-2078846312\" class=\"col medium-3 small-6 large-3\"  >\n\t\t\t\t<div class=\"col-inner\"  >\n\t\t\t\n\t\t\t\n\n\t<div class=\"img has-hover x md-x lg-x y md-y lg-y\" id=\"image_1836437883\">\n\t\t<a class=\"\" href=\"https:\/\/www.alma-fashion.com\/wp-content\/uploads\/2020\/10\/MADRID.pdf\"  >\t\t\t\t\t\t<div class=\"img-inner dark\" >\n\t\t\t<img loading=\"lazy\" decoding=\"async\" width=\"200\" height=\"283\" src=\"https:\/\/alma-fashion.com\/wp-content\/uploads\/2021\/12\/M.png\" class=\"attachment-original size-original\" alt=\"\" \/>\t\t\t\t\t\t\n\t\t\t\t\t<\/div>\n\t\t\t\t\t\t<\/a>\t\t\n<style>\n#image_1836437883 {\n  width: 100%;\n}\n<\/style>\n\t<\/div>\n\t\n\n\n\t\t<\/div>\n\t\t\t\t\t<\/div>\n\n\t\n\n\t<div id=\"col-1197310008\" class=\"col medium-3 small-6 large-3\"  >\n\t\t\t\t<div class=\"col-inner\"  >\n\t\t\t\n\t\t\t\n\n\t<div class=\"img has-hover x md-x lg-x y md-y lg-y\" id=\"image_386649439\">\n\t\t<a class=\"\" href=\"https:\/\/www.alma-fashion.com\/wp-content\/uploads\/2020\/10\/ARMUR-MILANO%20ARMUR.pdf\"  >\t\t\t\t\t\t<div class=\"img-inner dark\" >\n\t\t\t<img loading=\"lazy\" decoding=\"async\" width=\"200\" height=\"283\" src=\"https:\/\/alma-fashion.com\/wp-content\/uploads\/2021\/12\/A-MA.png\" class=\"attachment-original size-original\" alt=\"\" \/>\t\t\t\t\t\t\n\t\t\t\t\t<\/div>\n\t\t\t\t\t\t<\/a>\t\t\n<style>\n#image_386649439 {\n  width: 100%;\n}\n<\/style>\n\t<\/div>\n\t\n\n\n\t\t<\/div>\n\t\t\t\t\t<\/div>\n\n\t\n\n\t<div id=\"col-1516835053\" class=\"col medium-3 small-6 large-3\"  >\n\t\t\t\t<div class=\"col-inner\"  >\n\t\t\t\n\t\t\t\n\n\t<div class=\"img has-hover x md-x lg-x y md-y lg-y\" id=\"image_1165924479\">\n\t\t<a class=\"\" href=\"https:\/\/www.alma-fashion.com\/wp-content\/uploads\/2020\/10\/PLATIN%20ARMUR-MILANO%20ARMUR.pdf\"  >\t\t\t\t\t\t<div class=\"img-inner dark\" >\n\t\t\t<img loading=\"lazy\" decoding=\"async\" width=\"200\" height=\"283\" src=\"https:\/\/alma-fashion.com\/wp-content\/uploads\/2021\/12\/PA-MA.png\" class=\"attachment-original size-original\" alt=\"\" \/>\t\t\t\t\t\t\n\t\t\t\t\t<\/div>\n\t\t\t\t\t\t<\/a>\t\t\n<style>\n#image_1165924479 {\n  width: 100%;\n}\n<\/style>\n\t<\/div>\n\t\n\n\n\t\t<\/div>\n\t\t\t\t\t<\/div>\n\n\t\n\n\t<div id=\"col-842954759\" class=\"col medium-3 small-6 large-3\"  >\n\t\t\t\t<div class=\"col-inner\"  >\n\t\t\t\n\t\t\t\n\n\t<div class=\"img has-hover x md-x lg-x y md-y lg-y\" id=\"image_1159147038\">\n\t\t<a class=\"\" href=\"https:\/\/www.alma-fashion.com\/wp-content\/uploads\/2020\/10\/GABARDIN.pdf\"  >\t\t\t\t\t\t<div class=\"img-inner dark\" >\n\t\t\t<img loading=\"lazy\" decoding=\"async\" width=\"200\" height=\"283\" src=\"https:\/\/alma-fashion.com\/wp-content\/uploads\/2021\/12\/G.png\" class=\"attachment-original size-original\" alt=\"\" \/>\t\t\t\t\t\t\n\t\t\t\t\t<\/div>\n\t\t\t\t\t\t<\/a>\t\t\n<style>\n#image_1159147038 {\n  width: 100%;\n}\n<\/style>\n\t<\/div>\n\t\n\n\n\t\t<\/div>\n\t\t\t\t\t<\/div>\n\n\t\n\n\t<div id=\"col-1664466193\" class=\"col medium-3 small-6 large-3\"  >\n\t\t\t\t<div class=\"col-inner\"  >\n\t\t\t\n\t\t\t\n\n\t<div class=\"img has-hover x md-x lg-x y md-y lg-y\" id=\"image_1437298598\">\n\t\t<a class=\"\" href=\"https:\/\/www.alma-fashion.com\/wp-content\/uploads\/2020\/10\/OXFORD.pdf\"  >\t\t\t\t\t\t<div class=\"img-inner dark\" >\n\t\t\t<img loading=\"lazy\" decoding=\"async\" width=\"200\" height=\"283\" src=\"https:\/\/alma-fashion.com\/wp-content\/uploads\/2021\/12\/O.png\" class=\"attachment-original size-original\" alt=\"\" \/>\t\t\t\t\t\t\n\t\t\t\t\t<\/div>\n\t\t\t\t\t\t<\/a>\t\t\n<style>\n#image_1437298598 {\n  width: 100%;\n}\n<\/style>\n\t<\/div>\n\t\n\n\n\t\t<\/div>\n\t\t\t\t\t<\/div>\n\n\t\n\n\t<div id=\"col-534156339\" class=\"col medium-3 small-6 large-3\"  >\n\t\t\t\t<div class=\"col-inner\"  >\n\t\t\t\n\t\t\t\n\n\t<div class=\"img has-hover x md-x lg-x y md-y lg-y\" id=\"image_946447317\">\n\t\t<a class=\"\" href=\"https:\/\/www.alma-fashion.com\/wp-content\/uploads\/2020\/10\/POPLIN%20LYCRA.pdf\"  >\t\t\t\t\t\t<div class=\"img-inner dark\" >\n\t\t\t<img loading=\"lazy\" decoding=\"async\" width=\"200\" height=\"283\" src=\"https:\/\/alma-fashion.com\/wp-content\/uploads\/2021\/12\/PL.png\" class=\"attachment-original size-original\" alt=\"\" \/>\t\t\t\t\t\t\n\t\t\t\t\t<\/div>\n\t\t\t\t\t\t<\/a>\t\t\n<style>\n#image_946447317 {\n  width: 100%;\n}\n<\/style>\n\t<\/div>\n\t\n\n\n\t\t<\/div>\n\t\t\t\t\t<\/div>\n\n\t\n\n\t<div id=\"col-215519643\" class=\"col medium-3 small-6 large-3\"  >\n\t\t\t\t<div class=\"col-inner\"  >\n\t\t\t\n\t\t\t\n\n\t<div class=\"img has-hover x md-x lg-x y md-y lg-y\" id=\"image_2108000584\">\n\t\t<a class=\"\" href=\"https:\/\/www.alma-fashion.com\/wp-content\/uploads\/2020\/10\/SAMBRE.pdf\"  >\t\t\t\t\t\t<div class=\"img-inner dark\" >\n\t\t\t<img loading=\"lazy\" decoding=\"async\" width=\"200\" height=\"283\" src=\"https:\/\/alma-fashion.com\/wp-content\/uploads\/2021\/12\/S.png\" class=\"attachment-original size-original\" alt=\"\" \/>\t\t\t\t\t\t\n\t\t\t\t\t<\/div>\n\t\t\t\t\t\t<\/a>\t\t\n<style>\n#image_2108000584 {\n  width: 100%;\n}\n<\/style>\n\t<\/div>\n\t\n\n\n\t\t<\/div>\n\t\t\t\t\t<\/div>\n\n\t\n\n\t<div id=\"col-245036244\" class=\"col medium-3 small-6 large-3\"  >\n\t\t\t\t<div class=\"col-inner\"  >\n\t\t\t\n\t\t\t\n\n\t<div class=\"img has-hover x md-x lg-x y md-y lg-y\" id=\"image_876434608\">\n\t\t<a class=\"\" href=\"https:\/\/www.alma-fashion.com\/wp-content\/uploads\/2020\/10\/SOFT%20SATEN.pdf\"  >\t\t\t\t\t\t<div class=\"img-inner dark\" >\n\t\t\t<img loading=\"lazy\" decoding=\"async\" width=\"200\" height=\"283\" src=\"https:\/\/alma-fashion.com\/wp-content\/uploads\/2021\/12\/SS.png\" class=\"attachment-original size-original\" alt=\"\" \/>\t\t\t\t\t\t\n\t\t\t\t\t<\/div>\n\t\t\t\t\t\t<\/a>\t\t\n<style>\n#image_876434608 {\n  width: 100%;\n}\n<\/style>\n\t<\/div>\n\t\n\n\n\t\t<\/div>\n\t\t\t\t\t<\/div>\n\n\t\n\n\t<div id=\"col-1218056637\" class=\"col medium-3 small-6 large-3\"  >\n\t\t\t\t<div class=\"col-inner\"  >\n\t\t\t\n\t\t\t\n\n\t<div class=\"img has-hover x md-x lg-x y md-y lg-y\" id=\"image_570546273\">\n\t\t<a class=\"\" href=\"https:\/\/www.alma-fashion.com\/wp-content\/uploads\/2020\/10\/SOFT%20VIYANA.pdf\"  >\t\t\t\t\t\t<div class=\"img-inner dark\" >\n\t\t\t<img loading=\"lazy\" decoding=\"async\" width=\"200\" height=\"283\" src=\"https:\/\/alma-fashion.com\/wp-content\/uploads\/2021\/12\/SV.png\" class=\"attachment-original size-original\" alt=\"\" \/>\t\t\t\t\t\t\n\t\t\t\t\t<\/div>\n\t\t\t\t\t\t<\/a>\t\t\n<style>\n#image_570546273 {\n  width: 100%;\n}\n<\/style>\n\t<\/div>\n\t\n\n\n\t\t<\/div>\n\t\t\t\t\t<\/div>\n\n\t\n\n\t<div id=\"col-836471703\" class=\"col medium-3 small-6 large-3\"  >\n\t\t\t\t<div class=\"col-inner\"  >\n\t\t\t\n\t\t\t\n\n\t<div class=\"img has-hover x md-x lg-x y md-y lg-y\" id=\"image_1054364364\">\n\t\t<a class=\"\" href=\"https:\/\/www.alma-fashion.com\/wp-content\/uploads\/2020\/10\/SOFT%20VIYANA%202.pdf\"  >\t\t\t\t\t\t<div class=\"img-inner dark\" >\n\t\t\t<img loading=\"lazy\" decoding=\"async\" width=\"200\" height=\"283\" src=\"https:\/\/alma-fashion.com\/wp-content\/uploads\/2021\/12\/SV2.png\" class=\"attachment-original size-original\" alt=\"\" \/>\t\t\t\t\t\t\n\t\t\t\t\t<\/div>\n\t\t\t\t\t\t<\/a>\t\t\n<style>\n#image_1054364364 {\n  width: 100%;\n}\n<\/style>\n\t<\/div>\n\t\n\n\n\t\t<\/div>\n\t\t\t\t\t<\/div>\n\n\t\n\n\t<div id=\"col-741295631\" class=\"col medium-3 small-6 large-3\"  >\n\t\t\t\t<div class=\"col-inner text-left\"  >\n\t\t\t\n\t\t\t\n\n\t<div class=\"img has-hover x md-x lg-x y md-y lg-y\" id=\"image_1971374946\">\n\t\t<a class=\"\" href=\"https:\/\/www.alma-fashion.com\/wp-content\/uploads\/2020\/10\/Lace.pdf\"  >\t\t\t\t\t\t<div class=\"img-inner dark\" >\n\t\t\t<img loading=\"lazy\" decoding=\"async\" width=\"200\" height=\"283\" src=\"https:\/\/alma-fashion.com\/wp-content\/uploads\/2021\/12\/L-1.png\" class=\"attachment-original size-original\" alt=\"\" \/>\t\t\t\t\t\t\n\t\t\t\t\t<\/div>\n\t\t\t\t\t\t<\/a>\t\t\n<style>\n#image_1971374946 {\n  width: 100%;\n}\n<\/style>\n\t<\/div>\n\t\n\n\n\t\t<\/div>\n\t\t\t\t\t<\/div>\n\n\t\n\n\t<div id=\"col-770757561\" class=\"col medium-3 small-6 large-3\"  >\n\t\t\t\t<div class=\"col-inner\"  >\n\t\t\t\n\t\t\t\n\n\t<div class=\"img has-hover x md-x lg-x y md-y lg-y\" id=\"image_291814150\">\n\t\t<a class=\"\" href=\"https:\/\/www.alma-fashion.com\/wp-content\/uploads\/2020\/10\/Fabrics-Alma.pdf\"  >\t\t\t\t\t\t<div class=\"img-inner dark\" >\n\t\t\t<img loading=\"lazy\" decoding=\"async\" width=\"200\" height=\"283\" src=\"https:\/\/alma-fashion.com\/wp-content\/uploads\/2021\/12\/TP.png\" class=\"attachment-original size-original\" alt=\"\" \/>\t\t\t\t\t\t\n\t\t\t\t\t<\/div>\n\t\t\t\t\t\t<\/a>\t\t\n<style>\n#image_291814150 {\n  width: 100%;\n}\n<\/style>\n\t<\/div>\n\t\n\n\n\t\t<\/div>\n\t\t\t\t\t<\/div>\n\n\t\n\n<\/div>\n\n\t\t<\/div>\n\n\t\t\n<style>\n#section_1964862463 {\n  padding-top: 30px;\n  padding-bottom: 30px;\n  background-color: rgb(0,0,0);\n}\n#section_1964862463 .ux-shape-divider--top svg {\n  height: 150px;\n  --divider-top-width: 100%;\n}\n#section_1964862463 .ux-shape-divider--bottom svg {\n  height: 150px;\n  --divider-width: 100%;\n}\n<\/style>\n\t<\/section>","protected":false},"excerpt":{"rendered":"","protected":false},"author":1,"featured_media":0,"parent":0,"menu_order":0,"comment_status":"closed","ping_status":"closed","template":"page-blank.php","meta":{"footnotes":""},"class_list":["post-60","page","type-page","status-publish","hentry"],"yoast_head":"<!-- This site is optimized with the Yoast SEO plugin v27.2 - https:\/\/yoast.com\/product\/yoast-seo-wordpress\/ -->\n<title>Fabrics - ALMA FASHION<\/title>\n<meta name=\"robots\" content=\"index, follow, max-snippet:-1, max-image-preview:large, max-video-preview:-1\" \/>\n<link rel=\"canonical\" href=\"https:\/\/alma-fashion.com\/de\/fabrics\/\" \/>\n<meta property=\"og:locale\" content=\"de_DE\" \/>\n<meta property=\"og:type\" content=\"article\" \/>\n<meta property=\"og:title\" content=\"Fabrics - ALMA FASHION\" \/>\n<meta property=\"og:url\" content=\"https:\/\/alma-fashion.com\/de\/fabrics\/\" \/>\n<meta property=\"og:site_name\" content=\"ALMA FASHION\" \/>\n<meta property=\"article:modified_time\" content=\"2025-04-03T06:49:54+00:00\" \/>\n<meta property=\"og:image\" content=\"https:\/\/alma-fashion.com\/wp-content\/uploads\/2025\/04\/alma-fashion.jpg\" \/>\n\t<meta property=\"og:image:width\" content=\"1280\" \/>\n\t<meta property=\"og:image:height\" content=\"720\" \/>\n\t<meta property=\"og:image:type\" content=\"image\/jpeg\" \/>\n<meta name=\"twitter:card\" content=\"summary_large_image\" \/>\n<meta name=\"twitter:label1\" content=\"Gesch\u00e4tzte Lesezeit\" \/>\n\t<meta name=\"twitter:data1\" content=\"2\u00a0Minuten\" \/>\n<script type=\"application\/ld+json\" class=\"yoast-schema-graph\">{\"@context\":\"https:\/\/schema.org\",\"@graph\":[{\"@type\":\"WebPage\",\"@id\":\"https:\/\/alma-fashion.com\/fabrics\/\",\"url\":\"https:\/\/alma-fashion.com\/fabrics\/\",\"name\":\"Fabrics - ALMA FASHION\",\"isPartOf\":{\"@id\":\"https:\/\/alma-fashion.com\/#website\"},\"datePublished\":\"2021-12-02T10:36:26+00:00\",\"dateModified\":\"2025-04-03T06:49:54+00:00\",\"breadcrumb\":{\"@id\":\"https:\/\/alma-fashion.com\/fabrics\/#breadcrumb\"},\"inLanguage\":\"de\",\"potentialAction\":[{\"@type\":\"ReadAction\",\"target\":[\"https:\/\/alma-fashion.com\/fabrics\/\"]}]},{\"@type\":\"BreadcrumbList\",\"@id\":\"https:\/\/alma-fashion.com\/fabrics\/#breadcrumb\",\"itemListElement\":[{\"@type\":\"ListItem\",\"position\":1,\"name\":\"Home\",\"item\":\"https:\/\/alma-fashion.com\/\"},{\"@type\":\"ListItem\",\"position\":2,\"name\":\"Fabrics\"}]},{\"@type\":\"WebSite\",\"@id\":\"https:\/\/alma-fashion.com\/#website\",\"url\":\"https:\/\/alma-fashion.com\/\",\"name\":\"ALMA FASHION\",\"description\":\"\",\"potentialAction\":[{\"@type\":\"SearchAction\",\"target\":{\"@type\":\"EntryPoint\",\"urlTemplate\":\"https:\/\/alma-fashion.com\/?s={search_term_string}\"},\"query-input\":{\"@type\":\"PropertyValueSpecification\",\"valueRequired\":true,\"valueName\":\"search_term_string\"}}],\"inLanguage\":\"de\"}]}<\/script>\n<!-- \/ Yoast SEO plugin. -->","yoast_head_json":{"title":"Fabrics - ALMA FASHION","robots":{"index":"index","follow":"follow","max-snippet":"max-snippet:-1","max-image-preview":"max-image-preview:large","max-video-preview":"max-video-preview:-1"},"canonical":"https:\/\/alma-fashion.com\/de\/fabrics\/","og_locale":"de_DE","og_type":"article","og_title":"Fabrics - ALMA FASHION","og_url":"https:\/\/alma-fashion.com\/de\/fabrics\/","og_site_name":"ALMA FASHION","article_modified_time":"2025-04-03T06:49:54+00:00","og_image":[{"width":1280,"height":720,"url":"https:\/\/alma-fashion.com\/wp-content\/uploads\/2025\/04\/alma-fashion.jpg","type":"image\/jpeg"}],"twitter_card":"summary_large_image","twitter_misc":{"Gesch\u00e4tzte Lesezeit":"2\u00a0Minuten"},"schema":{"@context":"https:\/\/schema.org","@graph":[{"@type":"WebPage","@id":"https:\/\/alma-fashion.com\/fabrics\/","url":"https:\/\/alma-fashion.com\/fabrics\/","name":"Fabrics - ALMA FASHION","isPartOf":{"@id":"https:\/\/alma-fashion.com\/#website"},"datePublished":"2021-12-02T10:36:26+00:00","dateModified":"2025-04-03T06:49:54+00:00","breadcrumb":{"@id":"https:\/\/alma-fashion.com\/fabrics\/#breadcrumb"},"inLanguage":"de","potentialAction":[{"@type":"ReadAction","target":["https:\/\/alma-fashion.com\/fabrics\/"]}]},{"@type":"BreadcrumbList","@id":"https:\/\/alma-fashion.com\/fabrics\/#breadcrumb","itemListElement":[{"@type":"ListItem","position":1,"name":"Home","item":"https:\/\/alma-fashion.com\/"},{"@type":"ListItem","position":2,"name":"Fabrics"}]},{"@type":"WebSite","@id":"https:\/\/alma-fashion.com\/#website","url":"https:\/\/alma-fashion.com\/","name":"ALMA FASHION","description":"","potentialAction":[{"@type":"SearchAction","target":{"@type":"EntryPoint","urlTemplate":"https:\/\/alma-fashion.com\/?s={search_term_string}"},"query-input":{"@type":"PropertyValueSpecification","valueRequired":true,"valueName":"search_term_string"}}],"inLanguage":"de"}]}},"_links":{"self":[{"href":"https:\/\/alma-fashion.com\/de\/wp-json\/wp\/v2\/pages\/60","targetHints":{"allow":["GET"]}}],"collection":[{"href":"https:\/\/alma-fashion.com\/de\/wp-json\/wp\/v2\/pages"}],"about":[{"href":"https:\/\/alma-fashion.com\/de\/wp-json\/wp\/v2\/types\/page"}],"author":[{"embeddable":true,"href":"https:\/\/alma-fashion.com\/de\/wp-json\/wp\/v2\/users\/1"}],"replies":[{"embeddable":true,"href":"https:\/\/alma-fashion.com\/de\/wp-json\/wp\/v2\/comments?post=60"}],"version-history":[{"count":2,"href":"https:\/\/alma-fashion.com\/de\/wp-json\/wp\/v2\/pages\/60\/revisions"}],"predecessor-version":[{"id":1221,"href":"https:\/\/alma-fashion.com\/de\/wp-json\/wp\/v2\/pages\/60\/revisions\/1221"}],"wp:attachment":[{"href":"https:\/\/alma-fashion.com\/de\/wp-json\/wp\/v2\/media?parent=60"}],"curies":[{"name":"wp","href":"https:\/\/api.w.org\/{rel}","templated":true}]}}