{"id":66,"date":"2021-12-02T10:38:33","date_gmt":"2021-12-02T10:38:33","guid":{"rendered":"https:\/\/new.alma-fashion.com\/?page_id=66"},"modified":"2025-04-03T06:47:37","modified_gmt":"2025-04-03T06:47:37","slug":"hangers","status":"publish","type":"page","link":"https:\/\/alma-fashion.com\/de\/hangers\/","title":{"rendered":"Kleiderbugel"},"content":{"rendered":"<section class=\"section dark\" id=\"section_1349157629\">\n\t\t<div class=\"bg section-bg fill bg-fill  bg-loaded\" >\n\n\t\t\t\n\t\t\t\n\t\t\t\n\n\t\t<\/div>\n\n\t\t\n\n\t\t<div class=\"section-content relative\">\n\t\t\t\n\n<div class=\"row\"  id=\"row-1105141811\">\n\n\n\t<div id=\"col-1064803150\" class=\"col small-12 large-12\"  >\n\t\t\t\t<div class=\"col-inner text-center\"  >\n\t\t\t\n\t\t\t\n\n<h1 class=\"uppercase alt-font\" style=\"text-align: center;\">KLEIDERB\u00dcGEL<\/h1>\n\n\t\t<\/div>\n\t\t\t\t\n<style>\n#col-1064803150 > .col-inner {\n  padding: 10px 10px 10px 10px;\n}\n<\/style>\n\t<\/div>\n\n\t\n\n\t<div id=\"col-1678359854\" class=\"col small-12 large-12\"  >\n\t\t\t\t<div class=\"col-inner box-shadow-1\"  >\n\t\t\t\n\t\t\t\n\n<p class=\"translation-block\">Das kreativste Kleiderb\u00fcgelunternehmen in ganz Europa oder vielleicht der Welt. Unser Partner P.M.P ist ein hochmodernes Unternehmen, das Kleiderb\u00fcgel f\u00fcr die besten europ\u00e4ischen Marken von mittelniedrig bis luxuri\u00f6s herstellt und verkauft. Alle Arten von Kleiderb\u00fcgeln von Kunststoff bis zu Holz- und Metallb\u00fcgeln, die Ihre Bed\u00fcrfnisse erf\u00fcllen. F\u00fcr preisorientierte Anfragen verwenden wir auch das t\u00fcrkische TAM Plastik.<\/p>\n<p class=\"translation-block\"><a href=\"https:\/\/alma-fashion.com\/wp-content\/uploads\/2020\/10\/Catalog-Alma-Hangers_web.pdf\" target=\"_self\">Unseren KLEIDERB\u00dcGEL-KATALOG herunterladen<\/a><\/p>\n\n\t\t<\/div>\n\t\t\t\t\n<style>\n#col-1678359854 > .col-inner {\n  padding: 10px 10px 10px 10px;\n}\n<\/style>\n\t<\/div>\n\n\t\n\n\t<div id=\"col-175373153\" class=\"col medium-3 small-12 large-3\"  >\n\t\t\t\t<div class=\"col-inner box-shadow-1\"  >\n\t\t\t\n\t\t\t\n\n\t<div class=\"img has-hover x md-x lg-x y md-y lg-y\" id=\"image_1765375419\">\n\t\t<a class=\"\" href=\"\/wp-content\/uploads\/2020\/10\/Catalog-Alma-Hangers_web.pdf\"  >\t\t\t\t\t\t<div class=\"img-inner image-overlay-add box-shadow-1 box-shadow-2-hover dark\" >\n\t\t\t<img loading=\"lazy\" decoding=\"async\" width=\"565\" height=\"800\" src=\"https:\/\/alma-fashion.com\/wp-content\/uploads\/2021\/12\/Catalog-Alma-Hangers_web_001-565x800-1.png\" class=\"attachment-large size-large\" alt=\"\" srcset=\"https:\/\/alma-fashion.com\/wp-content\/uploads\/2021\/12\/Catalog-Alma-Hangers_web_001-565x800-1.png 565w, https:\/\/alma-fashion.com\/wp-content\/uploads\/2021\/12\/Catalog-Alma-Hangers_web_001-565x800-1-212x300.png 212w\" sizes=\"auto, (max-width: 565px) 100vw, 565px\" \/>\t\t\t\t\t\t\t<div class=\"overlay\" style=\"background-color: rgba(0, 0, 0, 0.16)\"><\/div>\n\t\t\t\t\t\t\n\t\t\t\t\t<\/div>\n\t\t\t\t\t\t<\/a>\t\t\n<style>\n#image_1765375419 {\n  width: 100%;\n}\n<\/style>\n\t<\/div>\n\t\n\n\n\t\t<\/div>\n\t\t\t\t\t<\/div>\n\n\t\n\n<\/div>\n\n\t\t<\/div>\n\n\t\t\n<style>\n#section_1349157629 {\n  padding-top: 30px;\n  padding-bottom: 30px;\n  background-color: rgb(0,0,0);\n}\n#section_1349157629 .ux-shape-divider--top svg {\n  height: 150px;\n  --divider-top-width: 100%;\n}\n#section_1349157629 .ux-shape-divider--bottom svg {\n  height: 150px;\n  --divider-width: 100%;\n}\n<\/style>\n\t<\/section>","protected":false},"excerpt":{"rendered":"","protected":false},"author":1,"featured_media":0,"parent":0,"menu_order":0,"comment_status":"closed","ping_status":"closed","template":"page-blank.php","meta":{"footnotes":""},"class_list":["post-66","page","type-page","status-publish","hentry"],"yoast_head":"<!-- This site is optimized with the Yoast SEO plugin v27.2 - https:\/\/yoast.com\/product\/yoast-seo-wordpress\/ -->\n<title>Hangers - ALMA FASHION<\/title>\n<meta name=\"robots\" content=\"index, follow, max-snippet:-1, max-image-preview:large, max-video-preview:-1\" \/>\n<link rel=\"canonical\" href=\"https:\/\/alma-fashion.com\/de\/hangers\/\" \/>\n<meta property=\"og:locale\" content=\"de_DE\" \/>\n<meta property=\"og:type\" content=\"article\" \/>\n<meta property=\"og:title\" content=\"Hangers - ALMA FASHION\" \/>\n<meta property=\"og:url\" content=\"https:\/\/alma-fashion.com\/de\/hangers\/\" \/>\n<meta property=\"og:site_name\" content=\"ALMA FASHION\" \/>\n<meta property=\"article:modified_time\" content=\"2025-04-03T06:47:37+00:00\" \/>\n<meta property=\"og:image\" content=\"https:\/\/alma-fashion.com\/wp-content\/uploads\/2025\/04\/alma-fashion.jpg\" \/>\n\t<meta property=\"og:image:width\" content=\"1280\" \/>\n\t<meta property=\"og:image:height\" content=\"720\" \/>\n\t<meta property=\"og:image:type\" content=\"image\/jpeg\" \/>\n<meta name=\"twitter:card\" content=\"summary_large_image\" \/>\n<meta name=\"twitter:label1\" content=\"Gesch\u00e4tzte Lesezeit\" \/>\n\t<meta name=\"twitter:data1\" content=\"1\u00a0Minute\" \/>\n<script type=\"application\/ld+json\" class=\"yoast-schema-graph\">{\"@context\":\"https:\/\/schema.org\",\"@graph\":[{\"@type\":\"WebPage\",\"@id\":\"https:\/\/alma-fashion.com\/hangers\/\",\"url\":\"https:\/\/alma-fashion.com\/hangers\/\",\"name\":\"Hangers - ALMA FASHION\",\"isPartOf\":{\"@id\":\"https:\/\/alma-fashion.com\/#website\"},\"datePublished\":\"2021-12-02T10:38:33+00:00\",\"dateModified\":\"2025-04-03T06:47:37+00:00\",\"breadcrumb\":{\"@id\":\"https:\/\/alma-fashion.com\/hangers\/#breadcrumb\"},\"inLanguage\":\"de\",\"potentialAction\":[{\"@type\":\"ReadAction\",\"target\":[\"https:\/\/alma-fashion.com\/hangers\/\"]}]},{\"@type\":\"BreadcrumbList\",\"@id\":\"https:\/\/alma-fashion.com\/hangers\/#breadcrumb\",\"itemListElement\":[{\"@type\":\"ListItem\",\"position\":1,\"name\":\"Home\",\"item\":\"https:\/\/alma-fashion.com\/\"},{\"@type\":\"ListItem\",\"position\":2,\"name\":\"Hangers\"}]},{\"@type\":\"WebSite\",\"@id\":\"https:\/\/alma-fashion.com\/#website\",\"url\":\"https:\/\/alma-fashion.com\/\",\"name\":\"ALMA FASHION\",\"description\":\"\",\"potentialAction\":[{\"@type\":\"SearchAction\",\"target\":{\"@type\":\"EntryPoint\",\"urlTemplate\":\"https:\/\/alma-fashion.com\/?s={search_term_string}\"},\"query-input\":{\"@type\":\"PropertyValueSpecification\",\"valueRequired\":true,\"valueName\":\"search_term_string\"}}],\"inLanguage\":\"de\"}]}<\/script>\n<!-- \/ Yoast SEO plugin. -->","yoast_head_json":{"title":"Hangers - ALMA FASHION","robots":{"index":"index","follow":"follow","max-snippet":"max-snippet:-1","max-image-preview":"max-image-preview:large","max-video-preview":"max-video-preview:-1"},"canonical":"https:\/\/alma-fashion.com\/de\/hangers\/","og_locale":"de_DE","og_type":"article","og_title":"Hangers - ALMA FASHION","og_url":"https:\/\/alma-fashion.com\/de\/hangers\/","og_site_name":"ALMA FASHION","article_modified_time":"2025-04-03T06:47:37+00:00","og_image":[{"width":1280,"height":720,"url":"https:\/\/alma-fashion.com\/wp-content\/uploads\/2025\/04\/alma-fashion.jpg","type":"image\/jpeg"}],"twitter_card":"summary_large_image","twitter_misc":{"Gesch\u00e4tzte Lesezeit":"1\u00a0Minute"},"schema":{"@context":"https:\/\/schema.org","@graph":[{"@type":"WebPage","@id":"https:\/\/alma-fashion.com\/hangers\/","url":"https:\/\/alma-fashion.com\/hangers\/","name":"Hangers - ALMA FASHION","isPartOf":{"@id":"https:\/\/alma-fashion.com\/#website"},"datePublished":"2021-12-02T10:38:33+00:00","dateModified":"2025-04-03T06:47:37+00:00","breadcrumb":{"@id":"https:\/\/alma-fashion.com\/hangers\/#breadcrumb"},"inLanguage":"de","potentialAction":[{"@type":"ReadAction","target":["https:\/\/alma-fashion.com\/hangers\/"]}]},{"@type":"BreadcrumbList","@id":"https:\/\/alma-fashion.com\/hangers\/#breadcrumb","itemListElement":[{"@type":"ListItem","position":1,"name":"Home","item":"https:\/\/alma-fashion.com\/"},{"@type":"ListItem","position":2,"name":"Hangers"}]},{"@type":"WebSite","@id":"https:\/\/alma-fashion.com\/#website","url":"https:\/\/alma-fashion.com\/","name":"ALMA FASHION","description":"","potentialAction":[{"@type":"SearchAction","target":{"@type":"EntryPoint","urlTemplate":"https:\/\/alma-fashion.com\/?s={search_term_string}"},"query-input":{"@type":"PropertyValueSpecification","valueRequired":true,"valueName":"search_term_string"}}],"inLanguage":"de"}]}},"_links":{"self":[{"href":"https:\/\/alma-fashion.com\/de\/wp-json\/wp\/v2\/pages\/66","targetHints":{"allow":["GET"]}}],"collection":[{"href":"https:\/\/alma-fashion.com\/de\/wp-json\/wp\/v2\/pages"}],"about":[{"href":"https:\/\/alma-fashion.com\/de\/wp-json\/wp\/v2\/types\/page"}],"author":[{"embeddable":true,"href":"https:\/\/alma-fashion.com\/de\/wp-json\/wp\/v2\/users\/1"}],"replies":[{"embeddable":true,"href":"https:\/\/alma-fashion.com\/de\/wp-json\/wp\/v2\/comments?post=66"}],"version-history":[{"count":1,"href":"https:\/\/alma-fashion.com\/de\/wp-json\/wp\/v2\/pages\/66\/revisions"}],"predecessor-version":[{"id":1217,"href":"https:\/\/alma-fashion.com\/de\/wp-json\/wp\/v2\/pages\/66\/revisions\/1217"}],"wp:attachment":[{"href":"https:\/\/alma-fashion.com\/de\/wp-json\/wp\/v2\/media?parent=66"}],"curies":[{"name":"wp","href":"https:\/\/api.w.org\/{rel}","templated":true}]}}