{"id":67,"date":"2021-12-02T10:38:42","date_gmt":"2021-12-02T10:38:42","guid":{"rendered":"https:\/\/new.alma-fashion.com\/?page_id=67"},"modified":"2025-04-03T06:50:24","modified_gmt":"2025-04-03T06:50:24","slug":"sewing-threads","status":"publish","type":"page","link":"https:\/\/alma-fashion.com\/de\/sewing-threads\/","title":{"rendered":"Sewing Threads"},"content":{"rendered":"<section class=\"section dark\" id=\"section_161472122\">\n\t\t<div class=\"bg section-bg fill bg-fill  bg-loaded\" >\n\n\t\t\t\n\t\t\t\n\t\t\t\n\n\t\t<\/div>\n\n\t\t\n\n\t\t<div class=\"section-content relative\">\n\t\t\t\n\n<h1 class=\"alt-font\" style=\"text-align: center;\">N\u00c4HGARNE<\/h1>\n<div class=\"row row-box-shadow-1\"  id=\"row-98083345\">\n\n\n\t<div id=\"col-1329829204\" class=\"col small-12 large-12\"  >\n\t\t\t\t<div class=\"col-inner\"  >\n\t\t\t\n\t\t\t\n\n<p>Als offizieller Distributor von TUR-IP T\u00fcrkei, bieten wir N\u00e4hgarne f\u00fcr jede Art von Textil- oder Industrieprodukten an. Unser Angebot umfasst Baumwollgarne und dann Polyestergarne verschiedener Konstruktionen, von Spinngarnen bis zu Monofilamenten<\/p>\n<p>Wir halten die N\u00e4hgarne in Kocani auf Lager. Unseren Kunden bieten wir auch eine einzigartige Beratung, um die beste Fixierung f\u00fcr Ihre Kragen, Manschetten oder Frontleisten zu finden, basierend auf unseren Spezialisten, der sich mehr als 20 Jahre mit der Herstellung von Herrenhemden besch\u00e4ftigen. Wir bieten auch Befestigungsmaterialien von Permess f\u00fcr verschiedene Modeprodukte an<\/p>\n<p>Lieferungen gr\u00f6\u00dferer Mengen realisieren wir in der Regel innerhalb einer Woche durch eigene Transporte aus der T\u00fcrkei.<\/p>\n\n\t\t<\/div>\n\t\t\t\t\t<\/div>\n\n\t\n\n\n<style>\n#row-98083345 > .col > .col-inner {\n  padding: 10px 10px 10px 10px;\n}\n<\/style>\n<\/div>\n<div class=\"row align-center row-box-shadow-1 row-box-shadow-2-hover\"  id=\"row-1450844724\">\n\n\n\t<div id=\"col-1969474620\" class=\"col medium-3 small-6 large-3\"  >\n\t\t\t\t<div class=\"col-inner\"  >\n\t\t\t\n\t\t\t\n\n\t<div class=\"img has-hover x md-x lg-x y md-y lg-y\" id=\"image_1800649063\">\n\t\t<a class=\"\" href=\"https:\/\/www.alma-fashion.com\/wp-content\/uploads\/2020\/10\/Turmar_Web.pdf\"  >\t\t\t\t\t\t<div class=\"img-inner dark\" >\n\t\t\t<img loading=\"lazy\" decoding=\"async\" width=\"200\" height=\"283\" src=\"https:\/\/alma-fashion.com\/wp-content\/uploads\/2021\/12\/Turmar.jpg\" class=\"attachment-original size-original\" alt=\"\" \/>\t\t\t\t\t\t\n\t\t\t\t\t<\/div>\n\t\t\t\t\t\t<\/a>\t\t\n<style>\n#image_1800649063 {\n  width: 100%;\n}\n<\/style>\n\t<\/div>\n\t\n\n\n\t\t<\/div>\n\t\t\t\t\t<\/div>\n\n\t\n\n\t<div id=\"col-2076605086\" class=\"col medium-3 small-6 large-3\"  >\n\t\t\t\t<div class=\"col-inner\"  >\n\t\t\t\n\t\t\t\n\n\t<div class=\"img has-hover x md-x lg-x y md-y lg-y\" id=\"image_1515006274\">\n\t\t<a class=\"\" href=\"https:\/\/www.alma-fashion.com\/wp-content\/uploads\/2020\/10\/Kalyon-MC_Web.pdf\"  >\t\t\t\t\t\t<div class=\"img-inner dark\" >\n\t\t\t<img loading=\"lazy\" decoding=\"async\" width=\"200\" height=\"283\" src=\"https:\/\/alma-fashion.com\/wp-content\/uploads\/2021\/12\/Kalyon-MC.jpg\" class=\"attachment-original size-original\" alt=\"\" \/>\t\t\t\t\t\t\n\t\t\t\t\t<\/div>\n\t\t\t\t\t\t<\/a>\t\t\n<style>\n#image_1515006274 {\n  width: 100%;\n}\n<\/style>\n\t<\/div>\n\t\n\n\n\t\t<\/div>\n\t\t\t\t\t<\/div>\n\n\t\n\n\t<div id=\"col-556231474\" class=\"col medium-3 small-6 large-3\"  >\n\t\t\t\t<div class=\"col-inner\"  >\n\t\t\t\n\t\t\t\n\n\t<div class=\"img has-hover x md-x lg-x y md-y lg-y\" id=\"image_721621902\">\n\t\t<a class=\"\" href=\"https:\/\/www.alma-fashion.com\/wp-content\/uploads\/2020\/10\/Turkot-No-36-50-80_Web.pdf\"  >\t\t\t\t\t\t<div class=\"img-inner dark\" >\n\t\t\t<img loading=\"lazy\" decoding=\"async\" width=\"200\" height=\"283\" src=\"https:\/\/alma-fashion.com\/wp-content\/uploads\/2021\/12\/Turkot-No-36-50-80.jpg\" class=\"attachment-original size-original\" alt=\"\" \/>\t\t\t\t\t\t\n\t\t\t\t\t<\/div>\n\t\t\t\t\t\t<\/a>\t\t\n<style>\n#image_721621902 {\n  width: 100%;\n}\n<\/style>\n\t<\/div>\n\t\n\n\n\t\t<\/div>\n\t\t\t\t\t<\/div>\n\n\t\n\n\t<div id=\"col-1500752283\" class=\"col medium-3 small-6 large-3\"  >\n\t\t\t\t<div class=\"col-inner\"  >\n\t\t\t\n\t\t\t\n\n\t<div class=\"img has-hover x md-x lg-x y md-y lg-y\" id=\"image_108777583\">\n\t\t<a class=\"\" href=\"https:\/\/www.alma-fashion.com\/wp-content\/uploads\/2020\/10\/Tursan-No-120_Web.pdf\"  >\t\t\t\t\t\t<div class=\"img-inner dark\" >\n\t\t\t<img loading=\"lazy\" decoding=\"async\" width=\"200\" height=\"283\" src=\"https:\/\/alma-fashion.com\/wp-content\/uploads\/2021\/12\/Tursan-No-120.jpg\" class=\"attachment-original size-original\" alt=\"\" \/>\t\t\t\t\t\t\n\t\t\t\t\t<\/div>\n\t\t\t\t\t\t<\/a>\t\t\n<style>\n#image_108777583 {\n  width: 100%;\n}\n<\/style>\n\t<\/div>\n\t\n\n\n\t\t<\/div>\n\t\t\t\t\t<\/div>\n\n\t\n\n\t<div id=\"col-534452575\" class=\"col medium-3 small-12 large-3\"  >\n\t\t\t\t<div class=\"col-inner\"  >\n\t\t\t\n\t\t\t\n\n\t<div class=\"img has-hover x md-x lg-x y md-y lg-y\" id=\"image_1545124318\">\n\t\t<a class=\"\" href=\"https:\/\/www.alma-fashion.com\/wp-content\/uploads\/2020\/10\/Turun-No-150_Web.pdf\"  >\t\t\t\t\t\t<div class=\"img-inner dark\" >\n\t\t\t<img loading=\"lazy\" decoding=\"async\" width=\"200\" height=\"283\" src=\"https:\/\/alma-fashion.com\/wp-content\/uploads\/2021\/12\/Turun-No-150.jpg\" class=\"attachment-large size-large\" alt=\"\" \/>\t\t\t\t\t\t\n\t\t\t\t\t<\/div>\n\t\t\t\t\t\t<\/a>\t\t\n<style>\n#image_1545124318 {\n  width: 100%;\n}\n<\/style>\n\t<\/div>\n\t\n\n\n\t\t<\/div>\n\t\t\t\t\t<\/div>\n\n\t\n\n<\/div>\n\n\t\t<\/div>\n\n\t\t\n<style>\n#section_161472122 {\n  padding-top: 30px;\n  padding-bottom: 30px;\n  background-color: rgb(0,0,0);\n}\n#section_161472122 .ux-shape-divider--top svg {\n  height: 150px;\n  --divider-top-width: 100%;\n}\n#section_161472122 .ux-shape-divider--bottom svg {\n  height: 150px;\n  --divider-width: 100%;\n}\n<\/style>\n\t<\/section>","protected":false},"excerpt":{"rendered":"","protected":false},"author":1,"featured_media":0,"parent":0,"menu_order":0,"comment_status":"closed","ping_status":"closed","template":"page-blank.php","meta":{"footnotes":""},"class_list":["post-67","page","type-page","status-publish","hentry"],"yoast_head":"<!-- This site is optimized with the Yoast SEO plugin v27.2 - https:\/\/yoast.com\/product\/yoast-seo-wordpress\/ -->\n<title>Sewing Threads - ALMA FASHION<\/title>\n<meta name=\"robots\" content=\"index, follow, max-snippet:-1, max-image-preview:large, max-video-preview:-1\" \/>\n<link rel=\"canonical\" href=\"https:\/\/alma-fashion.com\/de\/sewing-threads\/\" \/>\n<meta property=\"og:locale\" content=\"de_DE\" \/>\n<meta property=\"og:type\" content=\"article\" \/>\n<meta property=\"og:title\" content=\"Sewing Threads - ALMA FASHION\" \/>\n<meta property=\"og:url\" content=\"https:\/\/alma-fashion.com\/de\/sewing-threads\/\" \/>\n<meta property=\"og:site_name\" content=\"ALMA FASHION\" \/>\n<meta property=\"article:modified_time\" content=\"2025-04-03T06:50:24+00:00\" \/>\n<meta property=\"og:image\" content=\"https:\/\/alma-fashion.com\/wp-content\/uploads\/2025\/04\/alma-fashion.jpg\" \/>\n\t<meta property=\"og:image:width\" content=\"1280\" \/>\n\t<meta property=\"og:image:height\" content=\"720\" \/>\n\t<meta property=\"og:image:type\" content=\"image\/jpeg\" \/>\n<meta name=\"twitter:card\" content=\"summary_large_image\" \/>\n<meta name=\"twitter:label1\" content=\"Gesch\u00e4tzte Lesezeit\" \/>\n\t<meta name=\"twitter:data1\" content=\"1\u00a0Minute\" \/>\n<script type=\"application\/ld+json\" class=\"yoast-schema-graph\">{\"@context\":\"https:\/\/schema.org\",\"@graph\":[{\"@type\":\"WebPage\",\"@id\":\"https:\/\/alma-fashion.com\/sewing-threads\/\",\"url\":\"https:\/\/alma-fashion.com\/sewing-threads\/\",\"name\":\"Sewing Threads - ALMA FASHION\",\"isPartOf\":{\"@id\":\"https:\/\/alma-fashion.com\/#website\"},\"datePublished\":\"2021-12-02T10:38:42+00:00\",\"dateModified\":\"2025-04-03T06:50:24+00:00\",\"breadcrumb\":{\"@id\":\"https:\/\/alma-fashion.com\/sewing-threads\/#breadcrumb\"},\"inLanguage\":\"de\",\"potentialAction\":[{\"@type\":\"ReadAction\",\"target\":[\"https:\/\/alma-fashion.com\/sewing-threads\/\"]}]},{\"@type\":\"BreadcrumbList\",\"@id\":\"https:\/\/alma-fashion.com\/sewing-threads\/#breadcrumb\",\"itemListElement\":[{\"@type\":\"ListItem\",\"position\":1,\"name\":\"Home\",\"item\":\"https:\/\/alma-fashion.com\/\"},{\"@type\":\"ListItem\",\"position\":2,\"name\":\"Sewing Threads\"}]},{\"@type\":\"WebSite\",\"@id\":\"https:\/\/alma-fashion.com\/#website\",\"url\":\"https:\/\/alma-fashion.com\/\",\"name\":\"ALMA FASHION\",\"description\":\"\",\"potentialAction\":[{\"@type\":\"SearchAction\",\"target\":{\"@type\":\"EntryPoint\",\"urlTemplate\":\"https:\/\/alma-fashion.com\/?s={search_term_string}\"},\"query-input\":{\"@type\":\"PropertyValueSpecification\",\"valueRequired\":true,\"valueName\":\"search_term_string\"}}],\"inLanguage\":\"de\"}]}<\/script>\n<!-- \/ Yoast SEO plugin. -->","yoast_head_json":{"title":"Sewing Threads - ALMA FASHION","robots":{"index":"index","follow":"follow","max-snippet":"max-snippet:-1","max-image-preview":"max-image-preview:large","max-video-preview":"max-video-preview:-1"},"canonical":"https:\/\/alma-fashion.com\/de\/sewing-threads\/","og_locale":"de_DE","og_type":"article","og_title":"Sewing Threads - ALMA FASHION","og_url":"https:\/\/alma-fashion.com\/de\/sewing-threads\/","og_site_name":"ALMA FASHION","article_modified_time":"2025-04-03T06:50:24+00:00","og_image":[{"width":1280,"height":720,"url":"https:\/\/alma-fashion.com\/wp-content\/uploads\/2025\/04\/alma-fashion.jpg","type":"image\/jpeg"}],"twitter_card":"summary_large_image","twitter_misc":{"Gesch\u00e4tzte Lesezeit":"1\u00a0Minute"},"schema":{"@context":"https:\/\/schema.org","@graph":[{"@type":"WebPage","@id":"https:\/\/alma-fashion.com\/sewing-threads\/","url":"https:\/\/alma-fashion.com\/sewing-threads\/","name":"Sewing Threads - ALMA FASHION","isPartOf":{"@id":"https:\/\/alma-fashion.com\/#website"},"datePublished":"2021-12-02T10:38:42+00:00","dateModified":"2025-04-03T06:50:24+00:00","breadcrumb":{"@id":"https:\/\/alma-fashion.com\/sewing-threads\/#breadcrumb"},"inLanguage":"de","potentialAction":[{"@type":"ReadAction","target":["https:\/\/alma-fashion.com\/sewing-threads\/"]}]},{"@type":"BreadcrumbList","@id":"https:\/\/alma-fashion.com\/sewing-threads\/#breadcrumb","itemListElement":[{"@type":"ListItem","position":1,"name":"Home","item":"https:\/\/alma-fashion.com\/"},{"@type":"ListItem","position":2,"name":"Sewing Threads"}]},{"@type":"WebSite","@id":"https:\/\/alma-fashion.com\/#website","url":"https:\/\/alma-fashion.com\/","name":"ALMA FASHION","description":"","potentialAction":[{"@type":"SearchAction","target":{"@type":"EntryPoint","urlTemplate":"https:\/\/alma-fashion.com\/?s={search_term_string}"},"query-input":{"@type":"PropertyValueSpecification","valueRequired":true,"valueName":"search_term_string"}}],"inLanguage":"de"}]}},"_links":{"self":[{"href":"https:\/\/alma-fashion.com\/de\/wp-json\/wp\/v2\/pages\/67","targetHints":{"allow":["GET"]}}],"collection":[{"href":"https:\/\/alma-fashion.com\/de\/wp-json\/wp\/v2\/pages"}],"about":[{"href":"https:\/\/alma-fashion.com\/de\/wp-json\/wp\/v2\/types\/page"}],"author":[{"embeddable":true,"href":"https:\/\/alma-fashion.com\/de\/wp-json\/wp\/v2\/users\/1"}],"replies":[{"embeddable":true,"href":"https:\/\/alma-fashion.com\/de\/wp-json\/wp\/v2\/comments?post=67"}],"version-history":[{"count":1,"href":"https:\/\/alma-fashion.com\/de\/wp-json\/wp\/v2\/pages\/67\/revisions"}],"predecessor-version":[{"id":1222,"href":"https:\/\/alma-fashion.com\/de\/wp-json\/wp\/v2\/pages\/67\/revisions\/1222"}],"wp:attachment":[{"href":"https:\/\/alma-fashion.com\/de\/wp-json\/wp\/v2\/media?parent=67"}],"curies":[{"name":"wp","href":"https:\/\/api.w.org\/{rel}","templated":true}]}}