{"id":939,"date":"2025-03-13T11:23:17","date_gmt":"2025-03-13T11:23:17","guid":{"rendered":"https:\/\/alma-fashion.com\/?page_id=939"},"modified":"2025-07-15T12:42:48","modified_gmt":"2025-07-15T12:42:48","slug":"embroidery-printing","status":"publish","type":"page","link":"https:\/\/alma-fashion.com\/de\/embroidery-printing\/","title":{"rendered":"EMBROIDERY &#038; PRINTING"},"content":{"rendered":"<div id=\"gap-428823498\" class=\"gap-element clearfix\" style=\"display:block; height:auto;\">\n\t\t\n<style>\n#gap-428823498 {\n  padding-top: 30px;\n}\n<\/style>\n\t<\/div>\n\t\n\n<div class=\"container section-title-container\" ><h3 class=\"section-title section-title-center\"><b><\/b><span class=\"section-title-main\" >EMBROIDERY & PRINTING<\/span><b><\/b><\/h3><\/div>\n\n<div class=\"row\"  id=\"row-2027236770\">\n\n\n\t<div id=\"col-576044779\" class=\"col medium-4 small-12 large-4\"  data-animate=\"fadeInLeft\">\n\t\t\t\t<div class=\"col-inner\"  >\n\t\t\t\n\t\t\t\n\n\t<div class=\"img has-hover x md-x lg-x y md-y lg-y\" id=\"image_2017709830\">\n\t\t\t\t\t\t\t\t<div class=\"img-inner dark\" >\n\t\t\t<img loading=\"lazy\" decoding=\"async\" width=\"350\" height=\"235\" src=\"https:\/\/alma-fashion.com\/wp-content\/uploads\/2021\/12\/main-thumb.jpg\" class=\"attachment-large size-large\" alt=\"\" srcset=\"https:\/\/alma-fashion.com\/wp-content\/uploads\/2021\/12\/main-thumb.jpg 350w, https:\/\/alma-fashion.com\/wp-content\/uploads\/2021\/12\/main-thumb-300x201.jpg 300w\" sizes=\"auto, (max-width: 350px) 100vw, 350px\" \/>\t\t\t\t\t\t\n\t\t\t\t\t<\/div>\n\t\t\t\t\t\t\t\t\n<style>\n#image_2017709830 {\n  width: 100%;\n}\n<\/style>\n\t<\/div>\n\t\n\n\n\t\t<\/div>\n\t\t\t\t\t<\/div>\n\n\t\n\n\t<div id=\"col-2086597095\" class=\"col medium-8 small-12 large-8\"  data-animate=\"fadeInRight\">\n\t\t\t\t<div class=\"col-inner\"  >\n\t\t\t\n\t\t\t\n\n<div class=\"topmargin-sm\">\n<\/div>\n<h4>STICKEREI<\/h4>\n<p>Wir sticken nicht nur unsere eigene Produkte, sondern wir bieten auch Stickereien von h\u00f6chster Qualit\u00e4t und sehr kurzen Lieferzeiten an, die auf unseren 2 modernen 6-K\u00f6pfigen ZSK-Stickmachinen gemacht werden.<\/p>\n<h4>DRUCKDIENSTE<\/h4>\n<p class=\"translation-block\">Bei uns werden die verschiedensten Textilmaterialien bedruckt. Wir k\u00f6nnen ganz individuell nach Ihren W\u00fcnschen sowohl fertige Bekleidungsteile als auch bei der Herstellung bedrucken. \n<br><br>\nBeim Drucken wenden wir folgende Techniken an:<\/p>\n<ul>\n<li>Walzendruck, Zylinderdruck oder mit Druckmaschine<\/li>\n<li>Schablonendruck<\/li>\n<li>Siebdruck<\/li>\n<li>Digitalen Textildruck<\/li>\n<\/ul>\n\n\t\t<\/div>\n\t\t\t\t\t<\/div>\n\n\t\n\n<\/div>\n<div class=\"row align-center\"  id=\"row-251510683\">\n\n\n\t<div id=\"col-169867444\" class=\"col medium-9 small-12 large-9\"  >\n\t\t\t\t<div class=\"col-inner text-center\"  >\n\t\t\t\n\t\t\t\n\n\n  \n    <div class=\"row large-columns-4 medium-columns-3 small-columns-2\">\n  <div class=\"gallery-col col\" >\n          <div class=\"col-inner\">\n            <a class=\"image-lightbox lightbox-gallery\" href=\"https:\/\/alma-fashion.com\/wp-content\/uploads\/2021\/12\/Skype_Picture_2021_05_13T09_10_17_184Z-600x800-1.jpeg\" title=\"\">            <div class=\"box has-hover gallery-box box-overlay dark\">\n              <div class=\"box-image\" >\n                <img loading=\"lazy\" decoding=\"async\" width=\"225\" height=\"300\" src=\"https:\/\/alma-fashion.com\/wp-content\/uploads\/2021\/12\/Skype_Picture_2021_05_13T09_10_17_184Z-600x800-1-225x300.jpeg\" class=\"attachment-medium size-medium\" alt=\"\" ids=\"176,175,174,173\" text_align=\"center\" srcset=\"https:\/\/alma-fashion.com\/wp-content\/uploads\/2021\/12\/Skype_Picture_2021_05_13T09_10_17_184Z-600x800-1-225x300.jpeg 225w, https:\/\/alma-fashion.com\/wp-content\/uploads\/2021\/12\/Skype_Picture_2021_05_13T09_10_17_184Z-600x800-1.jpeg 600w\" sizes=\"auto, (max-width: 225px) 100vw, 225px\" \/>                                  <div class=\"overlay fill\"\n                      style=\"background-color: rgba(0,0,0,.15)\">\n                  <\/div>\n                                                              <\/div>\n              <div class=\"box-text text-center\" >\n                 <p><\/p>\n              <\/div>\n            <\/div>\n            <\/a>          <\/div>\n         <\/div><div class=\"gallery-col col\" >\n          <div class=\"col-inner\">\n            <a class=\"image-lightbox lightbox-gallery\" href=\"https:\/\/alma-fashion.com\/wp-content\/uploads\/2021\/12\/Skype_Picture_2021_05_13T09_10_14_745Z-600x800-1.jpeg\" title=\"\">            <div class=\"box has-hover gallery-box box-overlay dark\">\n              <div class=\"box-image\" >\n                <img loading=\"lazy\" decoding=\"async\" width=\"225\" height=\"300\" src=\"https:\/\/alma-fashion.com\/wp-content\/uploads\/2021\/12\/Skype_Picture_2021_05_13T09_10_14_745Z-600x800-1-225x300.jpeg\" class=\"attachment-medium size-medium\" alt=\"\" ids=\"176,175,174,173\" text_align=\"center\" srcset=\"https:\/\/alma-fashion.com\/wp-content\/uploads\/2021\/12\/Skype_Picture_2021_05_13T09_10_14_745Z-600x800-1-225x300.jpeg 225w, https:\/\/alma-fashion.com\/wp-content\/uploads\/2021\/12\/Skype_Picture_2021_05_13T09_10_14_745Z-600x800-1.jpeg 600w\" sizes=\"auto, (max-width: 225px) 100vw, 225px\" \/>                                  <div class=\"overlay fill\"\n                      style=\"background-color: rgba(0,0,0,.15)\">\n                  <\/div>\n                                                              <\/div>\n              <div class=\"box-text text-center\" >\n                 <p><\/p>\n              <\/div>\n            <\/div>\n            <\/a>          <\/div>\n         <\/div><div class=\"gallery-col col\" >\n          <div class=\"col-inner\">\n            <a class=\"image-lightbox lightbox-gallery\" href=\"https:\/\/alma-fashion.com\/wp-content\/uploads\/2021\/12\/Skype_Picture_2021_05_13T09_10_12_163Z-600x800-1.jpeg\" title=\"\">            <div class=\"box has-hover gallery-box box-overlay dark\">\n              <div class=\"box-image\" >\n                <img loading=\"lazy\" decoding=\"async\" width=\"225\" height=\"300\" src=\"https:\/\/alma-fashion.com\/wp-content\/uploads\/2021\/12\/Skype_Picture_2021_05_13T09_10_12_163Z-600x800-1-225x300.jpeg\" class=\"attachment-medium size-medium\" alt=\"\" ids=\"176,175,174,173\" text_align=\"center\" srcset=\"https:\/\/alma-fashion.com\/wp-content\/uploads\/2021\/12\/Skype_Picture_2021_05_13T09_10_12_163Z-600x800-1-225x300.jpeg 225w, https:\/\/alma-fashion.com\/wp-content\/uploads\/2021\/12\/Skype_Picture_2021_05_13T09_10_12_163Z-600x800-1.jpeg 600w\" sizes=\"auto, (max-width: 225px) 100vw, 225px\" \/>                                  <div class=\"overlay fill\"\n                      style=\"background-color: rgba(0,0,0,.15)\">\n                  <\/div>\n                                                              <\/div>\n              <div class=\"box-text text-center\" >\n                 <p><\/p>\n              <\/div>\n            <\/div>\n            <\/a>          <\/div>\n         <\/div><div class=\"gallery-col col\" >\n          <div class=\"col-inner\">\n            <a class=\"image-lightbox lightbox-gallery\" href=\"https:\/\/alma-fashion.com\/wp-content\/uploads\/2021\/12\/Skype_Picture_2021_05_13T09_10_19_281Z-600x800-1.jpeg\" title=\"\">            <div class=\"box has-hover gallery-box box-overlay dark\">\n              <div class=\"box-image\" >\n                <img loading=\"lazy\" decoding=\"async\" width=\"225\" height=\"300\" src=\"https:\/\/alma-fashion.com\/wp-content\/uploads\/2021\/12\/Skype_Picture_2021_05_13T09_10_19_281Z-600x800-1-225x300.jpeg\" class=\"attachment-medium size-medium\" alt=\"\" ids=\"176,175,174,173\" text_align=\"center\" srcset=\"https:\/\/alma-fashion.com\/wp-content\/uploads\/2021\/12\/Skype_Picture_2021_05_13T09_10_19_281Z-600x800-1-225x300.jpeg 225w, https:\/\/alma-fashion.com\/wp-content\/uploads\/2021\/12\/Skype_Picture_2021_05_13T09_10_19_281Z-600x800-1.jpeg 600w\" sizes=\"auto, (max-width: 225px) 100vw, 225px\" \/>                                  <div class=\"overlay fill\"\n                      style=\"background-color: rgba(0,0,0,.15)\">\n                  <\/div>\n                                                              <\/div>\n              <div class=\"box-text text-center\" >\n                 <p><\/p>\n              <\/div>\n            <\/div>\n            <\/a>          <\/div>\n         <\/div><\/div>\n\n\n\t\t<\/div>\n\t\t\t\t\t<\/div>\n\n\t\n\n<\/div>","protected":false},"excerpt":{"rendered":"","protected":false},"author":1,"featured_media":0,"parent":0,"menu_order":0,"comment_status":"closed","ping_status":"closed","template":"page-blank.php","meta":{"footnotes":""},"class_list":["post-939","page","type-page","status-publish","hentry"],"yoast_head":"<!-- This site is optimized with the Yoast SEO plugin v27.2 - https:\/\/yoast.com\/product\/yoast-seo-wordpress\/ -->\n<title>EMBROIDERY &amp; PRINTING - ALMA FASHION<\/title>\n<meta name=\"description\" content=\"Discover our embroidery &amp; printing services \u2013 from fine stitching to vibrant textile prints, tailored to elevate your fashion products.\" \/>\n<meta name=\"robots\" content=\"index, follow, max-snippet:-1, max-image-preview:large, max-video-preview:-1\" \/>\n<link rel=\"canonical\" href=\"https:\/\/alma-fashion.com\/de\/embroidery-printing\/\" \/>\n<meta property=\"og:locale\" content=\"de_DE\" \/>\n<meta property=\"og:type\" content=\"article\" \/>\n<meta property=\"og:title\" content=\"EMBROIDERY &amp; PRINTING - ALMA FASHION\" \/>\n<meta property=\"og:description\" content=\"Discover our embroidery &amp; printing services \u2013 from fine stitching to vibrant textile prints, tailored to elevate your fashion products.\" \/>\n<meta property=\"og:url\" content=\"https:\/\/alma-fashion.com\/de\/embroidery-printing\/\" \/>\n<meta property=\"og:site_name\" content=\"ALMA FASHION\" \/>\n<meta property=\"article:modified_time\" content=\"2025-07-15T12:42:48+00:00\" \/>\n<meta property=\"og:image\" content=\"https:\/\/alma-fashion.com\/wp-content\/uploads\/2025\/04\/alma-fashion.jpg\" \/>\n\t<meta property=\"og:image:width\" content=\"1280\" \/>\n\t<meta property=\"og:image:height\" content=\"720\" \/>\n\t<meta property=\"og:image:type\" content=\"image\/jpeg\" \/>\n<meta name=\"twitter:card\" content=\"summary_large_image\" \/>\n<meta name=\"twitter:label1\" content=\"Gesch\u00e4tzte Lesezeit\" \/>\n\t<meta name=\"twitter:data1\" content=\"1\u00a0Minute\" \/>\n<script type=\"application\/ld+json\" class=\"yoast-schema-graph\">{\"@context\":\"https:\/\/schema.org\",\"@graph\":[{\"@type\":\"WebPage\",\"@id\":\"https:\/\/alma-fashion.com\/embroidery-printing\/\",\"url\":\"https:\/\/alma-fashion.com\/embroidery-printing\/\",\"name\":\"EMBROIDERY & PRINTING - ALMA FASHION\",\"isPartOf\":{\"@id\":\"https:\/\/alma-fashion.com\/#website\"},\"datePublished\":\"2025-03-13T11:23:17+00:00\",\"dateModified\":\"2025-07-15T12:42:48+00:00\",\"description\":\"Discover our embroidery & printing services \u2013 from fine stitching to vibrant textile prints, tailored to elevate your fashion products.\",\"breadcrumb\":{\"@id\":\"https:\/\/alma-fashion.com\/embroidery-printing\/#breadcrumb\"},\"inLanguage\":\"de\",\"potentialAction\":[{\"@type\":\"ReadAction\",\"target\":[\"https:\/\/alma-fashion.com\/embroidery-printing\/\"]}]},{\"@type\":\"BreadcrumbList\",\"@id\":\"https:\/\/alma-fashion.com\/embroidery-printing\/#breadcrumb\",\"itemListElement\":[{\"@type\":\"ListItem\",\"position\":1,\"name\":\"Home\",\"item\":\"https:\/\/alma-fashion.com\/\"},{\"@type\":\"ListItem\",\"position\":2,\"name\":\"EMBROIDERY &#038; PRINTING\"}]},{\"@type\":\"WebSite\",\"@id\":\"https:\/\/alma-fashion.com\/#website\",\"url\":\"https:\/\/alma-fashion.com\/\",\"name\":\"ALMA FASHION\",\"description\":\"\",\"potentialAction\":[{\"@type\":\"SearchAction\",\"target\":{\"@type\":\"EntryPoint\",\"urlTemplate\":\"https:\/\/alma-fashion.com\/?s={search_term_string}\"},\"query-input\":{\"@type\":\"PropertyValueSpecification\",\"valueRequired\":true,\"valueName\":\"search_term_string\"}}],\"inLanguage\":\"de\"}]}<\/script>\n<!-- \/ Yoast SEO plugin. -->","yoast_head_json":{"title":"EMBROIDERY & PRINTING - ALMA FASHION","description":"Discover our embroidery & printing services \u2013 from fine stitching to vibrant textile prints, tailored to elevate your fashion products.","robots":{"index":"index","follow":"follow","max-snippet":"max-snippet:-1","max-image-preview":"max-image-preview:large","max-video-preview":"max-video-preview:-1"},"canonical":"https:\/\/alma-fashion.com\/de\/embroidery-printing\/","og_locale":"de_DE","og_type":"article","og_title":"EMBROIDERY & PRINTING - ALMA FASHION","og_description":"Discover our embroidery & printing services \u2013 from fine stitching to vibrant textile prints, tailored to elevate your fashion products.","og_url":"https:\/\/alma-fashion.com\/de\/embroidery-printing\/","og_site_name":"ALMA FASHION","article_modified_time":"2025-07-15T12:42:48+00:00","og_image":[{"width":1280,"height":720,"url":"https:\/\/alma-fashion.com\/wp-content\/uploads\/2025\/04\/alma-fashion.jpg","type":"image\/jpeg"}],"twitter_card":"summary_large_image","twitter_misc":{"Gesch\u00e4tzte Lesezeit":"1\u00a0Minute"},"schema":{"@context":"https:\/\/schema.org","@graph":[{"@type":"WebPage","@id":"https:\/\/alma-fashion.com\/embroidery-printing\/","url":"https:\/\/alma-fashion.com\/embroidery-printing\/","name":"EMBROIDERY & PRINTING - ALMA FASHION","isPartOf":{"@id":"https:\/\/alma-fashion.com\/#website"},"datePublished":"2025-03-13T11:23:17+00:00","dateModified":"2025-07-15T12:42:48+00:00","description":"Discover our embroidery & printing services \u2013 from fine stitching to vibrant textile prints, tailored to elevate your fashion products.","breadcrumb":{"@id":"https:\/\/alma-fashion.com\/embroidery-printing\/#breadcrumb"},"inLanguage":"de","potentialAction":[{"@type":"ReadAction","target":["https:\/\/alma-fashion.com\/embroidery-printing\/"]}]},{"@type":"BreadcrumbList","@id":"https:\/\/alma-fashion.com\/embroidery-printing\/#breadcrumb","itemListElement":[{"@type":"ListItem","position":1,"name":"Home","item":"https:\/\/alma-fashion.com\/"},{"@type":"ListItem","position":2,"name":"EMBROIDERY &#038; PRINTING"}]},{"@type":"WebSite","@id":"https:\/\/alma-fashion.com\/#website","url":"https:\/\/alma-fashion.com\/","name":"ALMA FASHION","description":"","potentialAction":[{"@type":"SearchAction","target":{"@type":"EntryPoint","urlTemplate":"https:\/\/alma-fashion.com\/?s={search_term_string}"},"query-input":{"@type":"PropertyValueSpecification","valueRequired":true,"valueName":"search_term_string"}}],"inLanguage":"de"}]}},"_links":{"self":[{"href":"https:\/\/alma-fashion.com\/de\/wp-json\/wp\/v2\/pages\/939","targetHints":{"allow":["GET"]}}],"collection":[{"href":"https:\/\/alma-fashion.com\/de\/wp-json\/wp\/v2\/pages"}],"about":[{"href":"https:\/\/alma-fashion.com\/de\/wp-json\/wp\/v2\/types\/page"}],"author":[{"embeddable":true,"href":"https:\/\/alma-fashion.com\/de\/wp-json\/wp\/v2\/users\/1"}],"replies":[{"embeddable":true,"href":"https:\/\/alma-fashion.com\/de\/wp-json\/wp\/v2\/comments?post=939"}],"version-history":[{"count":2,"href":"https:\/\/alma-fashion.com\/de\/wp-json\/wp\/v2\/pages\/939\/revisions"}],"predecessor-version":[{"id":942,"href":"https:\/\/alma-fashion.com\/de\/wp-json\/wp\/v2\/pages\/939\/revisions\/942"}],"wp:attachment":[{"href":"https:\/\/alma-fashion.com\/de\/wp-json\/wp\/v2\/media?parent=939"}],"curies":[{"name":"wp","href":"https:\/\/api.w.org\/{rel}","templated":true}]}}